{"id":42129,"date":"2026-04-23T16:24:48","date_gmt":"2026-04-23T14:24:48","guid":{"rendered":"https:\/\/honestprodz.com\/?post_type=product&#038;p=42129"},"modified":"2026-04-23T16:24:49","modified_gmt":"2026-04-23T14:24:49","slug":"vibreur-a-beton-1500w","status":"publish","type":"product","link":"https:\/\/honestprodz.com\/ar\/product\/vibreur-a-beton-1500w\/","title":{"rendered":"vibreur a b\u00e9ton 1500w"},"content":{"rendered":"<p>vibreur a b\u00e9ton 1500w<\/p>\n<h4><strong>Caract\u00e9ristiques techniques :<\/strong><\/h4>\n<ul>\n<li>Tension : 230V ~ 50Hz<\/li>\n<li>Vitesse au ralenti :\u00a02850 tr\/min<\/li>\n<li>Puissance nominale :\u00a01500W<\/li>\n<li>Type d\u2019accouplement : Hex<\/li>\n<li>Poids suivant EPTA-Procedure 01\/2003 :\u00a012,1<\/li>\n<\/ul>\n<p>Le vibreur \u00e0 b\u00e9ton \u00e9lectrique 1500W est un outil s\u00fbr et facile \u00e0 utiliser. Il est \u00e9quip\u00e9 d\u2019un syst\u00e8me de s\u00e9curit\u00e9 qui emp\u00eache le moteur de d\u00e9marrer si la t\u00eate de vibration n\u2019est pas correctement fix\u00e9e.<\/p>\n<p>&nbsp;<\/p>","protected":false},"excerpt":{"rendered":"<p>vibreur a b\u00e9ton 1500w Caract\u00e9ristiques techniques : Tension : 230V ~ 50Hz Vitesse au ralenti :\u00a02850 tr\/min Puissance nominale :\u00a01500W Type d\u2019accouplement : Hex Poids&#8230;<\/p>","protected":false},"featured_media":42131,"comment_status":"open","ping_status":"closed","template":"","meta":{"om_disable_all_campaigns":false,"_monsterinsights_skip_tracking":false,"_monsterinsights_sitenote_active":false,"_monsterinsights_sitenote_note":"","_monsterinsights_sitenote_category":0},"etheme_brands":[],"product_brand":[],"product_cat":[2711],"product_tag":[],"class_list":{"0":"post-42129","1":"product","2":"type-product","3":"status-publish","4":"has-post-thumbnail","6":"product_cat-non-classe","8":"first","9":"instock","10":"sale","11":"shipping-taxable","12":"purchasable","13":"product-type-simple"},"yoast_head":"<!-- This site is optimized with the Yoast SEO Premium plugin v22.2 (Yoast SEO v25.3.1) - https:\/\/yoast.com\/wordpress\/plugins\/seo\/ -->\n<title>vibreur a b\u00e9ton 1500w - Honestpro<\/title>\n<meta name=\"robots\" content=\"index, follow, max-snippet:-1, max-image-preview:large, max-video-preview:-1\" \/>\n<link rel=\"canonical\" href=\"https:\/\/honestprodz.com\/ar\/product\/vibreur-a-beton-1500w\/\" \/>\n<meta property=\"og:locale\" content=\"ar_AR\" \/>\n<meta property=\"og:type\" content=\"article\" \/>\n<meta property=\"og:title\" content=\"vibreur a b\u00e9ton 1500w\" \/>\n<meta property=\"og:description\" content=\"vibreur a b\u00e9ton 1500w Caract\u00e9ristiques techniques : Tension : 230V ~ 50Hz Vitesse au ralenti :\u00a02850 tr\/min Puissance nominale :\u00a01500W Type d\u2019accouplement : Hex Poids...\" \/>\n<meta property=\"og:url\" content=\"https:\/\/honestprodz.com\/ar\/product\/vibreur-a-beton-1500w\/\" \/>\n<meta property=\"og:site_name\" content=\"Honestpro\" \/>\n<meta property=\"article:publisher\" content=\"https:\/\/web.facebook.com\/HonestProAlgerie\" \/>\n<meta property=\"article:modified_time\" content=\"2026-04-23T14:24:49+00:00\" \/>\n<meta property=\"og:image\" content=\"https:\/\/honestprodz.com\/wp-content\/uploads\/2026\/04\/Capture.jpg\" \/>\n\t<meta property=\"og:image:width\" content=\"498\" \/>\n\t<meta property=\"og:image:height\" content=\"514\" \/>\n\t<meta property=\"og:image:type\" content=\"image\/jpeg\" \/>\n<meta name=\"twitter:card\" content=\"summary_large_image\" \/>\n<meta name=\"twitter:label1\" content=\"\u0648\u0642\u062a \u0627\u0644\u0642\u0631\u0627\u0621\u0629 \u0627\u0644\u0645\u064f\u0642\u062f\u0651\u0631\" \/>\n\t<meta name=\"twitter:data1\" content=\"\u062f\u0642\u064a\u0642\u0629 \u0648\u0627\u062d\u062f\u0629\" \/>\n<script type=\"application\/ld+json\" class=\"yoast-schema-graph\">{\"@context\":\"https:\/\/schema.org\",\"@graph\":[{\"@type\":\"WebPage\",\"@id\":\"https:\/\/honestprodz.com\/product\/vibreur-a-beton-1500w\/\",\"url\":\"https:\/\/honestprodz.com\/product\/vibreur-a-beton-1500w\/\",\"name\":\"vibreur a b\u00e9ton 1500w - Honestpro\",\"isPartOf\":{\"@id\":\"https:\/\/honestprodz.com\/#website\"},\"primaryImageOfPage\":{\"@id\":\"https:\/\/honestprodz.com\/product\/vibreur-a-beton-1500w\/#primaryimage\"},\"image\":{\"@id\":\"https:\/\/honestprodz.com\/product\/vibreur-a-beton-1500w\/#primaryimage\"},\"thumbnailUrl\":\"https:\/\/honestprodz.com\/wp-content\/uploads\/2026\/04\/Capture.jpg\",\"datePublished\":\"2026-04-23T14:24:48+00:00\",\"dateModified\":\"2026-04-23T14:24:49+00:00\",\"breadcrumb\":{\"@id\":\"https:\/\/honestprodz.com\/product\/vibreur-a-beton-1500w\/#breadcrumb\"},\"inLanguage\":\"ar\",\"potentialAction\":[{\"@type\":\"ReadAction\",\"target\":[\"https:\/\/honestprodz.com\/product\/vibreur-a-beton-1500w\/\"]}]},{\"@type\":\"ImageObject\",\"inLanguage\":\"ar\",\"@id\":\"https:\/\/honestprodz.com\/product\/vibreur-a-beton-1500w\/#primaryimage\",\"url\":\"https:\/\/honestprodz.com\/wp-content\/uploads\/2026\/04\/Capture.jpg\",\"contentUrl\":\"https:\/\/honestprodz.com\/wp-content\/uploads\/2026\/04\/Capture.jpg\",\"width\":498,\"height\":514},{\"@type\":\"BreadcrumbList\",\"@id\":\"https:\/\/honestprodz.com\/product\/vibreur-a-beton-1500w\/#breadcrumb\",\"itemListElement\":[{\"@type\":\"ListItem\",\"position\":1,\"name\":\"Accueil\",\"item\":\"https:\/\/honestprodz.com\/\"},{\"@type\":\"ListItem\",\"position\":2,\"name\":\"Produits\",\"item\":\"https:\/\/honestprodz.com\/shop-2\/\"},{\"@type\":\"ListItem\",\"position\":3,\"name\":\"vibreur a b\u00e9ton 1500w\"}]},{\"@type\":\"WebSite\",\"@id\":\"https:\/\/honestprodz.com\/#website\",\"url\":\"https:\/\/honestprodz.com\/\",\"name\":\"Honestpro Alg\u00e9rie\",\"description\":\"\",\"publisher\":{\"@id\":\"https:\/\/honestprodz.com\/#organization\"},\"potentialAction\":[{\"@type\":\"SearchAction\",\"target\":{\"@type\":\"EntryPoint\",\"urlTemplate\":\"https:\/\/honestprodz.com\/?s={search_term_string}\"},\"query-input\":{\"@type\":\"PropertyValueSpecification\",\"valueRequired\":true,\"valueName\":\"search_term_string\"}}],\"inLanguage\":\"ar\"},{\"@type\":\"Organization\",\"@id\":\"https:\/\/honestprodz.com\/#organization\",\"name\":\"Honestpro Alg\u00e9rie\",\"url\":\"https:\/\/honestprodz.com\/\",\"logo\":{\"@type\":\"ImageObject\",\"inLanguage\":\"ar\",\"@id\":\"https:\/\/honestprodz.com\/#\/schema\/logo\/image\/\",\"url\":\"https:\/\/honestprodz.com\/wp-content\/uploads\/2024\/01\/logo-1667211167-Copy.png\",\"contentUrl\":\"https:\/\/honestprodz.com\/wp-content\/uploads\/2024\/01\/logo-1667211167-Copy.png\",\"width\":948,\"height\":219,\"caption\":\"Honestpro Alg\u00e9rie\"},\"image\":{\"@id\":\"https:\/\/honestprodz.com\/#\/schema\/logo\/image\/\"},\"sameAs\":[\"https:\/\/web.facebook.com\/HonestProAlgerie\"]}]}<\/script>\n<!-- \/ Yoast SEO Premium plugin. -->","yoast_head_json":{"title":"vibreur a b\u00e9ton 1500w - Honestpro","robots":{"index":"index","follow":"follow","max-snippet":"max-snippet:-1","max-image-preview":"max-image-preview:large","max-video-preview":"max-video-preview:-1"},"canonical":"https:\/\/honestprodz.com\/ar\/product\/vibreur-a-beton-1500w\/","og_locale":"ar_AR","og_type":"article","og_title":"vibreur a b\u00e9ton 1500w","og_description":"vibreur a b\u00e9ton 1500w Caract\u00e9ristiques techniques : Tension : 230V ~ 50Hz Vitesse au ralenti :\u00a02850 tr\/min Puissance nominale :\u00a01500W Type d\u2019accouplement : Hex Poids...","og_url":"https:\/\/honestprodz.com\/ar\/product\/vibreur-a-beton-1500w\/","og_site_name":"Honestpro","article_publisher":"https:\/\/web.facebook.com\/HonestProAlgerie","article_modified_time":"2026-04-23T14:24:49+00:00","og_image":[{"width":498,"height":514,"url":"https:\/\/honestprodz.com\/wp-content\/uploads\/2026\/04\/Capture.jpg","type":"image\/jpeg"}],"twitter_card":"summary_large_image","twitter_misc":{"\u0648\u0642\u062a \u0627\u0644\u0642\u0631\u0627\u0621\u0629 \u0627\u0644\u0645\u064f\u0642\u062f\u0651\u0631":"\u062f\u0642\u064a\u0642\u0629 \u0648\u0627\u062d\u062f\u0629"},"schema":{"@context":"https:\/\/schema.org","@graph":[{"@type":"WebPage","@id":"https:\/\/honestprodz.com\/product\/vibreur-a-beton-1500w\/","url":"https:\/\/honestprodz.com\/product\/vibreur-a-beton-1500w\/","name":"vibreur a b\u00e9ton 1500w - Honestpro","isPartOf":{"@id":"https:\/\/honestprodz.com\/#website"},"primaryImageOfPage":{"@id":"https:\/\/honestprodz.com\/product\/vibreur-a-beton-1500w\/#primaryimage"},"image":{"@id":"https:\/\/honestprodz.com\/product\/vibreur-a-beton-1500w\/#primaryimage"},"thumbnailUrl":"https:\/\/honestprodz.com\/wp-content\/uploads\/2026\/04\/Capture.jpg","datePublished":"2026-04-23T14:24:48+00:00","dateModified":"2026-04-23T14:24:49+00:00","breadcrumb":{"@id":"https:\/\/honestprodz.com\/product\/vibreur-a-beton-1500w\/#breadcrumb"},"inLanguage":"ar","potentialAction":[{"@type":"ReadAction","target":["https:\/\/honestprodz.com\/product\/vibreur-a-beton-1500w\/"]}]},{"@type":"ImageObject","inLanguage":"ar","@id":"https:\/\/honestprodz.com\/product\/vibreur-a-beton-1500w\/#primaryimage","url":"https:\/\/honestprodz.com\/wp-content\/uploads\/2026\/04\/Capture.jpg","contentUrl":"https:\/\/honestprodz.com\/wp-content\/uploads\/2026\/04\/Capture.jpg","width":498,"height":514},{"@type":"BreadcrumbList","@id":"https:\/\/honestprodz.com\/product\/vibreur-a-beton-1500w\/#breadcrumb","itemListElement":[{"@type":"ListItem","position":1,"name":"Accueil","item":"https:\/\/honestprodz.com\/"},{"@type":"ListItem","position":2,"name":"Produits","item":"https:\/\/honestprodz.com\/shop-2\/"},{"@type":"ListItem","position":3,"name":"vibreur a b\u00e9ton 1500w"}]},{"@type":"WebSite","@id":"https:\/\/honestprodz.com\/#website","url":"https:\/\/honestprodz.com\/","name":"Honestpro Alg\u00e9rie","description":"","publisher":{"@id":"https:\/\/honestprodz.com\/#organization"},"potentialAction":[{"@type":"SearchAction","target":{"@type":"EntryPoint","urlTemplate":"https:\/\/honestprodz.com\/?s={search_term_string}"},"query-input":{"@type":"PropertyValueSpecification","valueRequired":true,"valueName":"search_term_string"}}],"inLanguage":"ar"},{"@type":"Organization","@id":"https:\/\/honestprodz.com\/#organization","name":"Honestpro Alg\u00e9rie","url":"https:\/\/honestprodz.com\/","logo":{"@type":"ImageObject","inLanguage":"ar","@id":"https:\/\/honestprodz.com\/#\/schema\/logo\/image\/","url":"https:\/\/honestprodz.com\/wp-content\/uploads\/2024\/01\/logo-1667211167-Copy.png","contentUrl":"https:\/\/honestprodz.com\/wp-content\/uploads\/2024\/01\/logo-1667211167-Copy.png","width":948,"height":219,"caption":"Honestpro Alg\u00e9rie"},"image":{"@id":"https:\/\/honestprodz.com\/#\/schema\/logo\/image\/"},"sameAs":["https:\/\/web.facebook.com\/HonestProAlgerie"]}]}},"jetpack_sharing_enabled":true,"_links":{"self":[{"href":"https:\/\/honestprodz.com\/ar\/wp-json\/wp\/v2\/product\/42129","targetHints":{"allow":["GET"]}}],"collection":[{"href":"https:\/\/honestprodz.com\/ar\/wp-json\/wp\/v2\/product"}],"about":[{"href":"https:\/\/honestprodz.com\/ar\/wp-json\/wp\/v2\/types\/product"}],"replies":[{"embeddable":true,"href":"https:\/\/honestprodz.com\/ar\/wp-json\/wp\/v2\/comments?post=42129"}],"version-history":[{"count":1,"href":"https:\/\/honestprodz.com\/ar\/wp-json\/wp\/v2\/product\/42129\/revisions"}],"predecessor-version":[{"id":42132,"href":"https:\/\/honestprodz.com\/ar\/wp-json\/wp\/v2\/product\/42129\/revisions\/42132"}],"wp:featuredmedia":[{"embeddable":true,"href":"https:\/\/honestprodz.com\/ar\/wp-json\/wp\/v2\/media\/42131"}],"wp:attachment":[{"href":"https:\/\/honestprodz.com\/ar\/wp-json\/wp\/v2\/media?parent=42129"}],"wp:term":[{"taxonomy":"brand","embeddable":true,"href":"https:\/\/honestprodz.com\/ar\/wp-json\/wp\/v2\/etheme_brands?post=42129"},{"taxonomy":"product_brand","embeddable":true,"href":"https:\/\/honestprodz.com\/ar\/wp-json\/wp\/v2\/product_brand?post=42129"},{"taxonomy":"product_cat","embeddable":true,"href":"https:\/\/honestprodz.com\/ar\/wp-json\/wp\/v2\/product_cat?post=42129"},{"taxonomy":"product_tag","embeddable":true,"href":"https:\/\/honestprodz.com\/ar\/wp-json\/wp\/v2\/product_tag?post=42129"}],"curies":[{"name":"wp","href":"https:\/\/api.w.org\/{rel}","templated":true}]}}