{"id":41513,"date":"2025-11-23T13:13:48","date_gmt":"2025-11-23T12:13:48","guid":{"rendered":"https:\/\/honestprodz.com\/?post_type=product&#038;p=41513"},"modified":"2025-11-23T13:13:49","modified_gmt":"2025-11-23T12:13:49","slug":"niveau-laser-16-lignes-4d-360-2-batteries-honestpro-yam0199","status":"publish","type":"product","link":"https:\/\/honestprodz.com\/ar\/product\/niveau-laser-16-lignes-4d-360-2-batteries-honestpro-yam0199\/","title":{"rendered":"Niveau laser 16 lignes 4D 360\u00b0 2 Batteries HONESTPRO YAM0199"},"content":{"rendered":"<h1 class=\"product_title entry-title wd-entities-title\">Niveau laser 16 lignes 4D 360\u00b0 2 Batteries HONESTPRO YAM0199<\/h1>\n<p data-sourcepos=\"7:1-7:33\">Caract\u00e9ristiques principales :<\/p>\n<ul data-sourcepos=\"9:1-10:91\">\n<li data-sourcepos=\"9:1-9:111\">16 lignes laser : 4 lignes horizontales et 12 lignes verticales pour une couverture \u00e0 360\u00b0 sans zone morte<\/li>\n<li data-sourcepos=\"10:1-10:91\">Port\u00e9e \u00e9tendue: Jusqu\u2019\u00e0 40 m\u00e8tres avec une visibilit\u00e9 optimis\u00e9e, m\u00eame en plein soleil<\/li>\n<li data-sourcepos=\"11:1-11:114\">Auto-nivellement intelligent : Assure une pr\u00e9cision horizontale et verticale automatique en quelques secondes<\/li>\n<li data-sourcepos=\"12:1-12:111\">Mode manuel : Permet de verrouiller les lignes laser pour des applications sp\u00e9cifiques \u00e0 des angles pr\u00e9cis<\/li>\n<li data-sourcepos=\"13:1-13:93\">Pendule intelligente : Indique si l\u2019appareil n\u2019est pas de niveau avec une pr\u00e9cision de 3\u00b0<\/li>\n<li data-sourcepos=\"14:1-14:103\">Base rotative : Permet une projection de lignes sur un angle de 360\u00b0 pour une flexibilit\u00e9 maximale<\/li>\n<li data-sourcepos=\"15:1-15:99\">2 piles rechargeables : Offrent une autonomie prolong\u00e9e pour une utilisation ininterrompue<\/li>\n<li data-sourcepos=\"16:1-17:0\">\u00c9tui de transport robuste : Prot\u00e8ge l\u2019appareil et facilite son transpor<\/li>\n<\/ul>","protected":false},"excerpt":{"rendered":"<p>Niveau laser 16 lignes 4D 360\u00b0 2 Batteries HONESTPRO YAM0199 Caract\u00e9ristiques principales : 16 lignes laser : 4 lignes horizontales et 12 lignes verticales pour&#8230;<\/p>","protected":false},"featured_media":41521,"comment_status":"open","ping_status":"closed","template":"","meta":{"om_disable_all_campaigns":false,"_monsterinsights_skip_tracking":false,"_monsterinsights_sitenote_active":false,"_monsterinsights_sitenote_note":"","_monsterinsights_sitenote_category":0},"etheme_brands":[],"product_brand":[],"product_cat":[2588,2585,2662,2579,2622,2598,2620,2586],"product_tag":[],"class_list":{"0":"post-41513","1":"product","2":"type-product","3":"status-publish","4":"has-post-thumbnail","6":"product_cat-macon","7":"product_cat-mecanicien","8":"product_cat-outils-de-coupe-et-de-meulage","9":"product_cat-outils-electroportatifs","10":"product_cat-outils-manuels","11":"product_cat-peintre","12":"product_cat-soudeur","13":"product_cat-tolier","15":"first","16":"instock","17":"sale","18":"shipping-taxable","19":"purchasable","20":"product-type-simple"},"yoast_head":"<!-- This site is optimized with the Yoast SEO Premium plugin v22.2 (Yoast SEO v25.3.1) - https:\/\/yoast.com\/wordpress\/plugins\/seo\/ -->\n<title>Niveau laser 16 lignes 4D 360\u00b0 2 Batteries HONESTPRO YAM0199 - Honestpro<\/title>\n<meta name=\"robots\" content=\"index, follow, max-snippet:-1, max-image-preview:large, max-video-preview:-1\" \/>\n<link rel=\"canonical\" href=\"https:\/\/honestprodz.com\/ar\/product\/niveau-laser-16-lignes-4d-360-2-batteries-honestpro-yam0199\/\" \/>\n<meta property=\"og:locale\" content=\"ar_AR\" \/>\n<meta property=\"og:type\" content=\"article\" \/>\n<meta property=\"og:title\" content=\"Niveau laser 16 lignes 4D 360\u00b0 2 Batteries HONESTPRO YAM0199\" \/>\n<meta property=\"og:description\" content=\"Niveau laser 16 lignes 4D 360\u00b0 2 Batteries HONESTPRO YAM0199 Caract\u00e9ristiques principales : 16 lignes laser : 4 lignes horizontales et 12 lignes verticales pour...\" \/>\n<meta property=\"og:url\" content=\"https:\/\/honestprodz.com\/ar\/product\/niveau-laser-16-lignes-4d-360-2-batteries-honestpro-yam0199\/\" \/>\n<meta property=\"og:site_name\" content=\"Honestpro\" \/>\n<meta property=\"article:publisher\" content=\"https:\/\/web.facebook.com\/HonestProAlgerie\" \/>\n<meta property=\"article:modified_time\" content=\"2025-11-23T12:13:49+00:00\" \/>\n<meta property=\"og:image\" content=\"https:\/\/honestprodz.com\/wp-content\/uploads\/2025\/11\/ni2.jpg\" \/>\n\t<meta property=\"og:image:width\" content=\"1280\" \/>\n\t<meta property=\"og:image:height\" content=\"1280\" \/>\n\t<meta property=\"og:image:type\" content=\"image\/jpeg\" \/>\n<meta name=\"twitter:card\" content=\"summary_large_image\" \/>\n<meta name=\"twitter:label1\" content=\"\u0648\u0642\u062a \u0627\u0644\u0642\u0631\u0627\u0621\u0629 \u0627\u0644\u0645\u064f\u0642\u062f\u0651\u0631\" \/>\n\t<meta name=\"twitter:data1\" content=\"\u062f\u0642\u064a\u0642\u0629 \u0648\u0627\u062d\u062f\u0629\" \/>\n<script type=\"application\/ld+json\" class=\"yoast-schema-graph\">{\"@context\":\"https:\/\/schema.org\",\"@graph\":[{\"@type\":\"WebPage\",\"@id\":\"https:\/\/honestprodz.com\/product\/niveau-laser-16-lignes-4d-360-2-batteries-honestpro-yam0199\/\",\"url\":\"https:\/\/honestprodz.com\/product\/niveau-laser-16-lignes-4d-360-2-batteries-honestpro-yam0199\/\",\"name\":\"Niveau laser 16 lignes 4D 360\u00b0 2 Batteries HONESTPRO YAM0199 - Honestpro\",\"isPartOf\":{\"@id\":\"https:\/\/honestprodz.com\/#website\"},\"primaryImageOfPage\":{\"@id\":\"https:\/\/honestprodz.com\/product\/niveau-laser-16-lignes-4d-360-2-batteries-honestpro-yam0199\/#primaryimage\"},\"image\":{\"@id\":\"https:\/\/honestprodz.com\/product\/niveau-laser-16-lignes-4d-360-2-batteries-honestpro-yam0199\/#primaryimage\"},\"thumbnailUrl\":\"https:\/\/honestprodz.com\/wp-content\/uploads\/2025\/11\/ni2.jpg\",\"datePublished\":\"2025-11-23T12:13:48+00:00\",\"dateModified\":\"2025-11-23T12:13:49+00:00\",\"breadcrumb\":{\"@id\":\"https:\/\/honestprodz.com\/product\/niveau-laser-16-lignes-4d-360-2-batteries-honestpro-yam0199\/#breadcrumb\"},\"inLanguage\":\"ar\",\"potentialAction\":[{\"@type\":\"ReadAction\",\"target\":[\"https:\/\/honestprodz.com\/product\/niveau-laser-16-lignes-4d-360-2-batteries-honestpro-yam0199\/\"]}]},{\"@type\":\"ImageObject\",\"inLanguage\":\"ar\",\"@id\":\"https:\/\/honestprodz.com\/product\/niveau-laser-16-lignes-4d-360-2-batteries-honestpro-yam0199\/#primaryimage\",\"url\":\"https:\/\/honestprodz.com\/wp-content\/uploads\/2025\/11\/ni2.jpg\",\"contentUrl\":\"https:\/\/honestprodz.com\/wp-content\/uploads\/2025\/11\/ni2.jpg\",\"width\":1280,\"height\":1280},{\"@type\":\"BreadcrumbList\",\"@id\":\"https:\/\/honestprodz.com\/product\/niveau-laser-16-lignes-4d-360-2-batteries-honestpro-yam0199\/#breadcrumb\",\"itemListElement\":[{\"@type\":\"ListItem\",\"position\":1,\"name\":\"Accueil\",\"item\":\"https:\/\/honestprodz.com\/\"},{\"@type\":\"ListItem\",\"position\":2,\"name\":\"Produits\",\"item\":\"https:\/\/honestprodz.com\/shop-2\/\"},{\"@type\":\"ListItem\",\"position\":3,\"name\":\"Niveau laser 16 lignes 4D 360\u00b0 2 Batteries HONESTPRO YAM0199\"}]},{\"@type\":\"WebSite\",\"@id\":\"https:\/\/honestprodz.com\/#website\",\"url\":\"https:\/\/honestprodz.com\/\",\"name\":\"Honestpro Alg\u00e9rie\",\"description\":\"\",\"publisher\":{\"@id\":\"https:\/\/honestprodz.com\/#organization\"},\"potentialAction\":[{\"@type\":\"SearchAction\",\"target\":{\"@type\":\"EntryPoint\",\"urlTemplate\":\"https:\/\/honestprodz.com\/?s={search_term_string}\"},\"query-input\":{\"@type\":\"PropertyValueSpecification\",\"valueRequired\":true,\"valueName\":\"search_term_string\"}}],\"inLanguage\":\"ar\"},{\"@type\":\"Organization\",\"@id\":\"https:\/\/honestprodz.com\/#organization\",\"name\":\"Honestpro Alg\u00e9rie\",\"url\":\"https:\/\/honestprodz.com\/\",\"logo\":{\"@type\":\"ImageObject\",\"inLanguage\":\"ar\",\"@id\":\"https:\/\/honestprodz.com\/#\/schema\/logo\/image\/\",\"url\":\"https:\/\/honestprodz.com\/wp-content\/uploads\/2024\/01\/logo-1667211167-Copy.png\",\"contentUrl\":\"https:\/\/honestprodz.com\/wp-content\/uploads\/2024\/01\/logo-1667211167-Copy.png\",\"width\":948,\"height\":219,\"caption\":\"Honestpro Alg\u00e9rie\"},\"image\":{\"@id\":\"https:\/\/honestprodz.com\/#\/schema\/logo\/image\/\"},\"sameAs\":[\"https:\/\/web.facebook.com\/HonestProAlgerie\"]}]}<\/script>\n<!-- \/ Yoast SEO Premium plugin. -->","yoast_head_json":{"title":"Niveau laser 16 lignes 4D 360\u00b0 2 Batteries HONESTPRO YAM0199 - Honestpro","robots":{"index":"index","follow":"follow","max-snippet":"max-snippet:-1","max-image-preview":"max-image-preview:large","max-video-preview":"max-video-preview:-1"},"canonical":"https:\/\/honestprodz.com\/ar\/product\/niveau-laser-16-lignes-4d-360-2-batteries-honestpro-yam0199\/","og_locale":"ar_AR","og_type":"article","og_title":"Niveau laser 16 lignes 4D 360\u00b0 2 Batteries HONESTPRO YAM0199","og_description":"Niveau laser 16 lignes 4D 360\u00b0 2 Batteries HONESTPRO YAM0199 Caract\u00e9ristiques principales : 16 lignes laser : 4 lignes horizontales et 12 lignes verticales pour...","og_url":"https:\/\/honestprodz.com\/ar\/product\/niveau-laser-16-lignes-4d-360-2-batteries-honestpro-yam0199\/","og_site_name":"Honestpro","article_publisher":"https:\/\/web.facebook.com\/HonestProAlgerie","article_modified_time":"2025-11-23T12:13:49+00:00","og_image":[{"width":1280,"height":1280,"url":"https:\/\/honestprodz.com\/wp-content\/uploads\/2025\/11\/ni2.jpg","type":"image\/jpeg"}],"twitter_card":"summary_large_image","twitter_misc":{"\u0648\u0642\u062a \u0627\u0644\u0642\u0631\u0627\u0621\u0629 \u0627\u0644\u0645\u064f\u0642\u062f\u0651\u0631":"\u062f\u0642\u064a\u0642\u0629 \u0648\u0627\u062d\u062f\u0629"},"schema":{"@context":"https:\/\/schema.org","@graph":[{"@type":"WebPage","@id":"https:\/\/honestprodz.com\/product\/niveau-laser-16-lignes-4d-360-2-batteries-honestpro-yam0199\/","url":"https:\/\/honestprodz.com\/product\/niveau-laser-16-lignes-4d-360-2-batteries-honestpro-yam0199\/","name":"Niveau laser 16 lignes 4D 360\u00b0 2 Batteries HONESTPRO YAM0199 - Honestpro","isPartOf":{"@id":"https:\/\/honestprodz.com\/#website"},"primaryImageOfPage":{"@id":"https:\/\/honestprodz.com\/product\/niveau-laser-16-lignes-4d-360-2-batteries-honestpro-yam0199\/#primaryimage"},"image":{"@id":"https:\/\/honestprodz.com\/product\/niveau-laser-16-lignes-4d-360-2-batteries-honestpro-yam0199\/#primaryimage"},"thumbnailUrl":"https:\/\/honestprodz.com\/wp-content\/uploads\/2025\/11\/ni2.jpg","datePublished":"2025-11-23T12:13:48+00:00","dateModified":"2025-11-23T12:13:49+00:00","breadcrumb":{"@id":"https:\/\/honestprodz.com\/product\/niveau-laser-16-lignes-4d-360-2-batteries-honestpro-yam0199\/#breadcrumb"},"inLanguage":"ar","potentialAction":[{"@type":"ReadAction","target":["https:\/\/honestprodz.com\/product\/niveau-laser-16-lignes-4d-360-2-batteries-honestpro-yam0199\/"]}]},{"@type":"ImageObject","inLanguage":"ar","@id":"https:\/\/honestprodz.com\/product\/niveau-laser-16-lignes-4d-360-2-batteries-honestpro-yam0199\/#primaryimage","url":"https:\/\/honestprodz.com\/wp-content\/uploads\/2025\/11\/ni2.jpg","contentUrl":"https:\/\/honestprodz.com\/wp-content\/uploads\/2025\/11\/ni2.jpg","width":1280,"height":1280},{"@type":"BreadcrumbList","@id":"https:\/\/honestprodz.com\/product\/niveau-laser-16-lignes-4d-360-2-batteries-honestpro-yam0199\/#breadcrumb","itemListElement":[{"@type":"ListItem","position":1,"name":"Accueil","item":"https:\/\/honestprodz.com\/"},{"@type":"ListItem","position":2,"name":"Produits","item":"https:\/\/honestprodz.com\/shop-2\/"},{"@type":"ListItem","position":3,"name":"Niveau laser 16 lignes 4D 360\u00b0 2 Batteries HONESTPRO YAM0199"}]},{"@type":"WebSite","@id":"https:\/\/honestprodz.com\/#website","url":"https:\/\/honestprodz.com\/","name":"Honestpro Alg\u00e9rie","description":"","publisher":{"@id":"https:\/\/honestprodz.com\/#organization"},"potentialAction":[{"@type":"SearchAction","target":{"@type":"EntryPoint","urlTemplate":"https:\/\/honestprodz.com\/?s={search_term_string}"},"query-input":{"@type":"PropertyValueSpecification","valueRequired":true,"valueName":"search_term_string"}}],"inLanguage":"ar"},{"@type":"Organization","@id":"https:\/\/honestprodz.com\/#organization","name":"Honestpro Alg\u00e9rie","url":"https:\/\/honestprodz.com\/","logo":{"@type":"ImageObject","inLanguage":"ar","@id":"https:\/\/honestprodz.com\/#\/schema\/logo\/image\/","url":"https:\/\/honestprodz.com\/wp-content\/uploads\/2024\/01\/logo-1667211167-Copy.png","contentUrl":"https:\/\/honestprodz.com\/wp-content\/uploads\/2024\/01\/logo-1667211167-Copy.png","width":948,"height":219,"caption":"Honestpro Alg\u00e9rie"},"image":{"@id":"https:\/\/honestprodz.com\/#\/schema\/logo\/image\/"},"sameAs":["https:\/\/web.facebook.com\/HonestProAlgerie"]}]}},"jetpack_sharing_enabled":true,"_links":{"self":[{"href":"https:\/\/honestprodz.com\/ar\/wp-json\/wp\/v2\/product\/41513","targetHints":{"allow":["GET"]}}],"collection":[{"href":"https:\/\/honestprodz.com\/ar\/wp-json\/wp\/v2\/product"}],"about":[{"href":"https:\/\/honestprodz.com\/ar\/wp-json\/wp\/v2\/types\/product"}],"replies":[{"embeddable":true,"href":"https:\/\/honestprodz.com\/ar\/wp-json\/wp\/v2\/comments?post=41513"}],"version-history":[{"count":1,"href":"https:\/\/honestprodz.com\/ar\/wp-json\/wp\/v2\/product\/41513\/revisions"}],"predecessor-version":[{"id":41523,"href":"https:\/\/honestprodz.com\/ar\/wp-json\/wp\/v2\/product\/41513\/revisions\/41523"}],"wp:featuredmedia":[{"embeddable":true,"href":"https:\/\/honestprodz.com\/ar\/wp-json\/wp\/v2\/media\/41521"}],"wp:attachment":[{"href":"https:\/\/honestprodz.com\/ar\/wp-json\/wp\/v2\/media?parent=41513"}],"wp:term":[{"taxonomy":"brand","embeddable":true,"href":"https:\/\/honestprodz.com\/ar\/wp-json\/wp\/v2\/etheme_brands?post=41513"},{"taxonomy":"product_brand","embeddable":true,"href":"https:\/\/honestprodz.com\/ar\/wp-json\/wp\/v2\/product_brand?post=41513"},{"taxonomy":"product_cat","embeddable":true,"href":"https:\/\/honestprodz.com\/ar\/wp-json\/wp\/v2\/product_cat?post=41513"},{"taxonomy":"product_tag","embeddable":true,"href":"https:\/\/honestprodz.com\/ar\/wp-json\/wp\/v2\/product_tag?post=41513"}],"curies":[{"name":"wp","href":"https:\/\/api.w.org\/{rel}","templated":true}]}}