{"id":41386,"date":"2025-11-13T16:02:07","date_gmt":"2025-11-13T15:02:07","guid":{"rendered":"https:\/\/honestprodz.com\/?post_type=product&#038;p=41386"},"modified":"2026-04-29T23:33:40","modified_gmt":"2026-04-29T21:33:40","slug":"41386","status":"publish","type":"product","link":"https:\/\/honestprodz.com\/ar\/product\/41386\/","title":{"rendered":"Pistolet Thermique HONESTPRO 21V YAE2665"},"content":{"rendered":"<h1 class=\"product-name mb-4 prodnm prod_ttl_76122\">Pistolet Thermique HONESTPRO 21V YAE2665<\/h1>\n<ul>\n<li><strong>Puissance<\/strong>\u00a0: 360W pour un chauffage rapide et efficace.<\/li>\n<li><strong>D\u00e9bit d\u2019air<\/strong>\u00a0: 100-200 L\/min, r\u00e9glable selon vos besoins.<\/li>\n<li><strong>Temp\u00e9rature<\/strong>\u00a0: 50 \u00e0 500\u00b0C, ajustable avec pr\u00e9cision.<\/li>\n<li><strong>Fonctionnalit\u00e9s<\/strong>\u00a0: LED d\u2019\u00e9clairage, protection contre la surcharge.<\/li>\n<li><strong>Alimentation<\/strong>\u00a0: Batterie 21V 2.0 Ah, sans fil pour une grande mobilit\u00e9.<\/li>\n<li><strong>Chargeur<\/strong>\u00a0: Chargeur rapide inclus.<\/li>\n<li><strong>Version<\/strong>\u00a0: 2\u00e8me g\u00e9n\u00e9ration (Gen 2 Pro).<\/li>\n<\/ul>","protected":false},"excerpt":{"rendered":"<p>Pistolet Thermique HONESTPRO 21V YAE2665 Puissance\u00a0: 360W pour un chauffage rapide et efficace. D\u00e9bit d\u2019air\u00a0: 100-200 L\/min, r\u00e9glable selon vos besoins. Temp\u00e9rature\u00a0: 50 \u00e0 500\u00b0C,&#8230;<\/p>","protected":false},"featured_media":41388,"comment_status":"open","ping_status":"closed","template":"","meta":{"om_disable_all_campaigns":false,"_monsterinsights_skip_tracking":false,"_monsterinsights_sitenote_active":false,"_monsterinsights_sitenote_note":"","_monsterinsights_sitenote_category":0},"etheme_brands":[],"product_brand":[],"product_cat":[2588,2585,2662,2579,2622,2598,2643,2620,2586],"product_tag":[],"class_list":{"0":"post-41386","1":"product","2":"type-product","3":"status-publish","4":"has-post-thumbnail","6":"product_cat-macon","7":"product_cat-mecanicien","8":"product_cat-outils-de-coupe-et-de-meulage","9":"product_cat-outils-electroportatifs","10":"product_cat-outils-manuels","11":"product_cat-peintre","12":"product_cat-pinces-cutter-cle","13":"product_cat-soudeur","14":"product_cat-tolier","16":"first","17":"instock","18":"sale","19":"shipping-taxable","20":"purchasable","21":"product-type-simple"},"yoast_head":"<!-- This site is optimized with the Yoast SEO Premium plugin v22.2 (Yoast SEO v25.3.1) - https:\/\/yoast.com\/wordpress\/plugins\/seo\/ -->\n<title>Pistolet Thermique HONESTPRO 21V YAE2665 - Honestpro<\/title>\n<meta name=\"robots\" content=\"index, follow, max-snippet:-1, max-image-preview:large, max-video-preview:-1\" \/>\n<link rel=\"canonical\" href=\"https:\/\/honestprodz.com\/ar\/product\/41386\/\" \/>\n<meta property=\"og:locale\" content=\"ar_AR\" \/>\n<meta property=\"og:type\" content=\"article\" \/>\n<meta property=\"og:title\" content=\"Pistolet Thermique HONESTPRO 21V YAE2665\" \/>\n<meta property=\"og:description\" content=\"Pistolet Thermique HONESTPRO 21V YAE2665 Puissance\u00a0: 360W pour un chauffage rapide et efficace. D\u00e9bit d\u2019air\u00a0: 100-200 L\/min, r\u00e9glable selon vos besoins. Temp\u00e9rature\u00a0: 50 \u00e0 500\u00b0C,...\" \/>\n<meta property=\"og:url\" content=\"https:\/\/honestprodz.com\/ar\/product\/41386\/\" \/>\n<meta property=\"og:site_name\" content=\"Honestpro\" \/>\n<meta property=\"article:publisher\" content=\"https:\/\/web.facebook.com\/HonestProAlgerie\" \/>\n<meta property=\"article:modified_time\" content=\"2026-04-29T21:33:40+00:00\" \/>\n<meta property=\"og:image\" content=\"https:\/\/honestprodz.com\/wp-content\/uploads\/2025\/11\/telechargement-10.jpeg\" \/>\n\t<meta property=\"og:image:width\" content=\"259\" \/>\n\t<meta property=\"og:image:height\" content=\"194\" \/>\n\t<meta property=\"og:image:type\" content=\"image\/jpeg\" \/>\n<meta name=\"twitter:card\" content=\"summary_large_image\" \/>\n<meta name=\"twitter:label1\" content=\"\u0648\u0642\u062a \u0627\u0644\u0642\u0631\u0627\u0621\u0629 \u0627\u0644\u0645\u064f\u0642\u062f\u0651\u0631\" \/>\n\t<meta name=\"twitter:data1\" content=\"\u062f\u0642\u064a\u0642\u0629 \u0648\u0627\u062d\u062f\u0629\" \/>\n<script type=\"application\/ld+json\" class=\"yoast-schema-graph\">{\"@context\":\"https:\/\/schema.org\",\"@graph\":[{\"@type\":\"WebPage\",\"@id\":\"https:\/\/honestprodz.com\/product\/41386\/\",\"url\":\"https:\/\/honestprodz.com\/product\/41386\/\",\"name\":\"Pistolet Thermique HONESTPRO 21V YAE2665 - Honestpro\",\"isPartOf\":{\"@id\":\"https:\/\/honestprodz.com\/#website\"},\"primaryImageOfPage\":{\"@id\":\"https:\/\/honestprodz.com\/product\/41386\/#primaryimage\"},\"image\":{\"@id\":\"https:\/\/honestprodz.com\/product\/41386\/#primaryimage\"},\"thumbnailUrl\":\"https:\/\/honestprodz.com\/wp-content\/uploads\/2025\/11\/telechargement-10.jpeg\",\"datePublished\":\"2025-11-13T15:02:07+00:00\",\"dateModified\":\"2026-04-29T21:33:40+00:00\",\"breadcrumb\":{\"@id\":\"https:\/\/honestprodz.com\/product\/41386\/#breadcrumb\"},\"inLanguage\":\"ar\",\"potentialAction\":[{\"@type\":\"ReadAction\",\"target\":[\"https:\/\/honestprodz.com\/product\/41386\/\"]}]},{\"@type\":\"ImageObject\",\"inLanguage\":\"ar\",\"@id\":\"https:\/\/honestprodz.com\/product\/41386\/#primaryimage\",\"url\":\"https:\/\/honestprodz.com\/wp-content\/uploads\/2025\/11\/telechargement-10.jpeg\",\"contentUrl\":\"https:\/\/honestprodz.com\/wp-content\/uploads\/2025\/11\/telechargement-10.jpeg\",\"width\":259,\"height\":194},{\"@type\":\"BreadcrumbList\",\"@id\":\"https:\/\/honestprodz.com\/product\/41386\/#breadcrumb\",\"itemListElement\":[{\"@type\":\"ListItem\",\"position\":1,\"name\":\"Accueil\",\"item\":\"https:\/\/honestprodz.com\/\"},{\"@type\":\"ListItem\",\"position\":2,\"name\":\"Produits\",\"item\":\"https:\/\/honestprodz.com\/shop-2\/\"},{\"@type\":\"ListItem\",\"position\":3,\"name\":\"Pistolet Thermique HONESTPRO 21V YAE2665\"}]},{\"@type\":\"WebSite\",\"@id\":\"https:\/\/honestprodz.com\/#website\",\"url\":\"https:\/\/honestprodz.com\/\",\"name\":\"Honestpro Alg\u00e9rie\",\"description\":\"\",\"publisher\":{\"@id\":\"https:\/\/honestprodz.com\/#organization\"},\"potentialAction\":[{\"@type\":\"SearchAction\",\"target\":{\"@type\":\"EntryPoint\",\"urlTemplate\":\"https:\/\/honestprodz.com\/?s={search_term_string}\"},\"query-input\":{\"@type\":\"PropertyValueSpecification\",\"valueRequired\":true,\"valueName\":\"search_term_string\"}}],\"inLanguage\":\"ar\"},{\"@type\":\"Organization\",\"@id\":\"https:\/\/honestprodz.com\/#organization\",\"name\":\"Honestpro Alg\u00e9rie\",\"url\":\"https:\/\/honestprodz.com\/\",\"logo\":{\"@type\":\"ImageObject\",\"inLanguage\":\"ar\",\"@id\":\"https:\/\/honestprodz.com\/#\/schema\/logo\/image\/\",\"url\":\"https:\/\/honestprodz.com\/wp-content\/uploads\/2024\/01\/logo-1667211167-Copy.png\",\"contentUrl\":\"https:\/\/honestprodz.com\/wp-content\/uploads\/2024\/01\/logo-1667211167-Copy.png\",\"width\":948,\"height\":219,\"caption\":\"Honestpro Alg\u00e9rie\"},\"image\":{\"@id\":\"https:\/\/honestprodz.com\/#\/schema\/logo\/image\/\"},\"sameAs\":[\"https:\/\/web.facebook.com\/HonestProAlgerie\"]}]}<\/script>\n<!-- \/ Yoast SEO Premium plugin. -->","yoast_head_json":{"title":"Pistolet Thermique HONESTPRO 21V YAE2665 - Honestpro","robots":{"index":"index","follow":"follow","max-snippet":"max-snippet:-1","max-image-preview":"max-image-preview:large","max-video-preview":"max-video-preview:-1"},"canonical":"https:\/\/honestprodz.com\/ar\/product\/41386\/","og_locale":"ar_AR","og_type":"article","og_title":"Pistolet Thermique HONESTPRO 21V YAE2665","og_description":"Pistolet Thermique HONESTPRO 21V YAE2665 Puissance\u00a0: 360W pour un chauffage rapide et efficace. D\u00e9bit d\u2019air\u00a0: 100-200 L\/min, r\u00e9glable selon vos besoins. Temp\u00e9rature\u00a0: 50 \u00e0 500\u00b0C,...","og_url":"https:\/\/honestprodz.com\/ar\/product\/41386\/","og_site_name":"Honestpro","article_publisher":"https:\/\/web.facebook.com\/HonestProAlgerie","article_modified_time":"2026-04-29T21:33:40+00:00","og_image":[{"width":259,"height":194,"url":"https:\/\/honestprodz.com\/wp-content\/uploads\/2025\/11\/telechargement-10.jpeg","type":"image\/jpeg"}],"twitter_card":"summary_large_image","twitter_misc":{"\u0648\u0642\u062a \u0627\u0644\u0642\u0631\u0627\u0621\u0629 \u0627\u0644\u0645\u064f\u0642\u062f\u0651\u0631":"\u062f\u0642\u064a\u0642\u0629 \u0648\u0627\u062d\u062f\u0629"},"schema":{"@context":"https:\/\/schema.org","@graph":[{"@type":"WebPage","@id":"https:\/\/honestprodz.com\/product\/41386\/","url":"https:\/\/honestprodz.com\/product\/41386\/","name":"Pistolet Thermique HONESTPRO 21V YAE2665 - Honestpro","isPartOf":{"@id":"https:\/\/honestprodz.com\/#website"},"primaryImageOfPage":{"@id":"https:\/\/honestprodz.com\/product\/41386\/#primaryimage"},"image":{"@id":"https:\/\/honestprodz.com\/product\/41386\/#primaryimage"},"thumbnailUrl":"https:\/\/honestprodz.com\/wp-content\/uploads\/2025\/11\/telechargement-10.jpeg","datePublished":"2025-11-13T15:02:07+00:00","dateModified":"2026-04-29T21:33:40+00:00","breadcrumb":{"@id":"https:\/\/honestprodz.com\/product\/41386\/#breadcrumb"},"inLanguage":"ar","potentialAction":[{"@type":"ReadAction","target":["https:\/\/honestprodz.com\/product\/41386\/"]}]},{"@type":"ImageObject","inLanguage":"ar","@id":"https:\/\/honestprodz.com\/product\/41386\/#primaryimage","url":"https:\/\/honestprodz.com\/wp-content\/uploads\/2025\/11\/telechargement-10.jpeg","contentUrl":"https:\/\/honestprodz.com\/wp-content\/uploads\/2025\/11\/telechargement-10.jpeg","width":259,"height":194},{"@type":"BreadcrumbList","@id":"https:\/\/honestprodz.com\/product\/41386\/#breadcrumb","itemListElement":[{"@type":"ListItem","position":1,"name":"Accueil","item":"https:\/\/honestprodz.com\/"},{"@type":"ListItem","position":2,"name":"Produits","item":"https:\/\/honestprodz.com\/shop-2\/"},{"@type":"ListItem","position":3,"name":"Pistolet Thermique HONESTPRO 21V YAE2665"}]},{"@type":"WebSite","@id":"https:\/\/honestprodz.com\/#website","url":"https:\/\/honestprodz.com\/","name":"Honestpro Alg\u00e9rie","description":"","publisher":{"@id":"https:\/\/honestprodz.com\/#organization"},"potentialAction":[{"@type":"SearchAction","target":{"@type":"EntryPoint","urlTemplate":"https:\/\/honestprodz.com\/?s={search_term_string}"},"query-input":{"@type":"PropertyValueSpecification","valueRequired":true,"valueName":"search_term_string"}}],"inLanguage":"ar"},{"@type":"Organization","@id":"https:\/\/honestprodz.com\/#organization","name":"Honestpro Alg\u00e9rie","url":"https:\/\/honestprodz.com\/","logo":{"@type":"ImageObject","inLanguage":"ar","@id":"https:\/\/honestprodz.com\/#\/schema\/logo\/image\/","url":"https:\/\/honestprodz.com\/wp-content\/uploads\/2024\/01\/logo-1667211167-Copy.png","contentUrl":"https:\/\/honestprodz.com\/wp-content\/uploads\/2024\/01\/logo-1667211167-Copy.png","width":948,"height":219,"caption":"Honestpro Alg\u00e9rie"},"image":{"@id":"https:\/\/honestprodz.com\/#\/schema\/logo\/image\/"},"sameAs":["https:\/\/web.facebook.com\/HonestProAlgerie"]}]}},"jetpack_sharing_enabled":true,"_links":{"self":[{"href":"https:\/\/honestprodz.com\/ar\/wp-json\/wp\/v2\/product\/41386","targetHints":{"allow":["GET"]}}],"collection":[{"href":"https:\/\/honestprodz.com\/ar\/wp-json\/wp\/v2\/product"}],"about":[{"href":"https:\/\/honestprodz.com\/ar\/wp-json\/wp\/v2\/types\/product"}],"replies":[{"embeddable":true,"href":"https:\/\/honestprodz.com\/ar\/wp-json\/wp\/v2\/comments?post=41386"}],"version-history":[{"count":2,"href":"https:\/\/honestprodz.com\/ar\/wp-json\/wp\/v2\/product\/41386\/revisions"}],"predecessor-version":[{"id":41418,"href":"https:\/\/honestprodz.com\/ar\/wp-json\/wp\/v2\/product\/41386\/revisions\/41418"}],"wp:featuredmedia":[{"embeddable":true,"href":"https:\/\/honestprodz.com\/ar\/wp-json\/wp\/v2\/media\/41388"}],"wp:attachment":[{"href":"https:\/\/honestprodz.com\/ar\/wp-json\/wp\/v2\/media?parent=41386"}],"wp:term":[{"taxonomy":"brand","embeddable":true,"href":"https:\/\/honestprodz.com\/ar\/wp-json\/wp\/v2\/etheme_brands?post=41386"},{"taxonomy":"product_brand","embeddable":true,"href":"https:\/\/honestprodz.com\/ar\/wp-json\/wp\/v2\/product_brand?post=41386"},{"taxonomy":"product_cat","embeddable":true,"href":"https:\/\/honestprodz.com\/ar\/wp-json\/wp\/v2\/product_cat?post=41386"},{"taxonomy":"product_tag","embeddable":true,"href":"https:\/\/honestprodz.com\/ar\/wp-json\/wp\/v2\/product_tag?post=41386"}],"curies":[{"name":"wp","href":"https:\/\/api.w.org\/{rel}","templated":true}]}}