{"id":41378,"date":"2025-11-13T15:50:54","date_gmt":"2025-11-13T14:50:54","guid":{"rendered":"https:\/\/honestprodz.com\/?post_type=product&#038;p=41378"},"modified":"2026-01-04T12:19:17","modified_gmt":"2026-01-04T11:19:17","slug":"visseuse-perceuse-a-percussion-sans-fil-21v-honestpro-yae6111","status":"publish","type":"product","link":"https:\/\/honestprodz.com\/ar\/product\/visseuse-perceuse-a-percussion-sans-fil-21v-honestpro-yae6111\/","title":{"rendered":"Visseuse Perceuse a percussion sans-fil 21v HONESTPRO YAE6111"},"content":{"rendered":"<h1 class=\"product_title entry-title wd-entities-title\">Visseuse Perceuse a percussion sans-fil 21v HONESTPRO YAE6111<\/h1>\n<p data-sourcepos=\"7:1-7:31\">Caract\u00e9ristiques cl\u00e9s :<\/p>\n<ul data-sourcepos=\"9:1-12:26\">\n<li data-sourcepos=\"9:1-9:144\">Moteur brushless : Plus de charbons, plus de surchauffe ! Ce moteur offre une dur\u00e9e de vie prolong\u00e9e et une efficacit\u00e9 \u00e9nerg\u00e9tique accrue.<\/li>\n<li data-sourcepos=\"10:1-10:119\">Couple \u00e9lev\u00e9 : Vissez les vis les plus r\u00e9sistances sans effort et percez dans le bois, le m\u00e9tal et m\u00eame le b\u00e9ton.<\/li>\n<li data-sourcepos=\"11:1-11:98\">2 vitesses m\u00e9caniques : Adaptez la vitesse \u00e0 votre t\u00e2che pour un travail pr\u00e9cis et efficace.<\/li>\n<li data-sourcepos=\"12:1-12:26\">Mandrin auto-serrant 13 mm : Changement rapide et facile des m\u00e8ches et des embouts.<\/li>\n<li data-sourcepos=\"13:1-13:96\">\u00c9clairage LED : Travaillez en toute s\u00e9curit\u00e9 et pr\u00e9cision, m\u00eame dans les endroits sombres.<\/li>\n<li data-sourcepos=\"14:1-15:0\">Batterie Lithium-Ion 21V : Puissance et autonomie pour travailler plus longtemps sans interruption.<\/li>\n<\/ul>","protected":false},"excerpt":{"rendered":"<p>Visseuse Perceuse a percussion sans-fil 21v HONESTPRO YAE6111 Caract\u00e9ristiques cl\u00e9s : Moteur brushless : Plus de charbons, plus de surchauffe ! Ce moteur offre une&#8230;<\/p>","protected":false},"featured_media":41384,"comment_status":"open","ping_status":"closed","template":"","meta":{"om_disable_all_campaigns":false,"_monsterinsights_skip_tracking":false,"_monsterinsights_sitenote_active":false,"_monsterinsights_sitenote_note":"","_monsterinsights_sitenote_category":0},"etheme_brands":[],"product_brand":[],"product_cat":[2588,2585,2662,2579,2622,2598,2620,2586],"product_tag":[],"class_list":{"0":"post-41378","1":"product","2":"type-product","3":"status-publish","4":"has-post-thumbnail","6":"product_cat-macon","7":"product_cat-mecanicien","8":"product_cat-outils-de-coupe-et-de-meulage","9":"product_cat-outils-electroportatifs","10":"product_cat-outils-manuels","11":"product_cat-peintre","12":"product_cat-soudeur","13":"product_cat-tolier","15":"first","16":"instock","17":"sale","18":"shipping-taxable","19":"purchasable","20":"product-type-simple"},"yoast_head":"<!-- This site is optimized with the Yoast SEO Premium plugin v22.2 (Yoast SEO v25.3.1) - https:\/\/yoast.com\/wordpress\/plugins\/seo\/ -->\n<title>Visseuse Perceuse a percussion sans-fil 21v HONESTPRO YAE6111 - Honestpro<\/title>\n<meta name=\"robots\" content=\"index, follow, max-snippet:-1, max-image-preview:large, max-video-preview:-1\" \/>\n<link rel=\"canonical\" href=\"https:\/\/honestprodz.com\/ar\/product\/visseuse-perceuse-a-percussion-sans-fil-21v-honestpro-yae6111\/\" \/>\n<meta property=\"og:locale\" content=\"ar_AR\" \/>\n<meta property=\"og:type\" content=\"article\" \/>\n<meta property=\"og:title\" content=\"Visseuse Perceuse a percussion sans-fil 21v HONESTPRO YAE6111\" \/>\n<meta property=\"og:description\" content=\"Visseuse Perceuse a percussion sans-fil 21v HONESTPRO YAE6111 Caract\u00e9ristiques cl\u00e9s : Moteur brushless : Plus de charbons, plus de surchauffe ! Ce moteur offre une...\" \/>\n<meta property=\"og:url\" content=\"https:\/\/honestprodz.com\/ar\/product\/visseuse-perceuse-a-percussion-sans-fil-21v-honestpro-yae6111\/\" \/>\n<meta property=\"og:site_name\" content=\"Honestpro\" \/>\n<meta property=\"article:publisher\" content=\"https:\/\/web.facebook.com\/HonestProAlgerie\" \/>\n<meta property=\"article:modified_time\" content=\"2026-01-04T11:19:17+00:00\" \/>\n<meta property=\"og:image\" content=\"https:\/\/honestprodz.com\/wp-content\/uploads\/2025\/11\/666.jpg\" \/>\n\t<meta property=\"og:image:width\" content=\"1512\" \/>\n\t<meta property=\"og:image:height\" content=\"1248\" \/>\n\t<meta property=\"og:image:type\" content=\"image\/jpeg\" \/>\n<meta name=\"twitter:card\" content=\"summary_large_image\" \/>\n<meta name=\"twitter:label1\" content=\"\u0648\u0642\u062a \u0627\u0644\u0642\u0631\u0627\u0621\u0629 \u0627\u0644\u0645\u064f\u0642\u062f\u0651\u0631\" \/>\n\t<meta name=\"twitter:data1\" content=\"\u062f\u0642\u064a\u0642\u0629 \u0648\u0627\u062d\u062f\u0629\" \/>\n<script type=\"application\/ld+json\" class=\"yoast-schema-graph\">{\"@context\":\"https:\/\/schema.org\",\"@graph\":[{\"@type\":\"WebPage\",\"@id\":\"https:\/\/honestprodz.com\/product\/visseuse-perceuse-a-percussion-sans-fil-21v-honestpro-yae6111\/\",\"url\":\"https:\/\/honestprodz.com\/product\/visseuse-perceuse-a-percussion-sans-fil-21v-honestpro-yae6111\/\",\"name\":\"Visseuse Perceuse a percussion sans-fil 21v HONESTPRO YAE6111 - Honestpro\",\"isPartOf\":{\"@id\":\"https:\/\/honestprodz.com\/#website\"},\"primaryImageOfPage\":{\"@id\":\"https:\/\/honestprodz.com\/product\/visseuse-perceuse-a-percussion-sans-fil-21v-honestpro-yae6111\/#primaryimage\"},\"image\":{\"@id\":\"https:\/\/honestprodz.com\/product\/visseuse-perceuse-a-percussion-sans-fil-21v-honestpro-yae6111\/#primaryimage\"},\"thumbnailUrl\":\"https:\/\/honestprodz.com\/wp-content\/uploads\/2025\/11\/666.jpg\",\"datePublished\":\"2025-11-13T14:50:54+00:00\",\"dateModified\":\"2026-01-04T11:19:17+00:00\",\"breadcrumb\":{\"@id\":\"https:\/\/honestprodz.com\/product\/visseuse-perceuse-a-percussion-sans-fil-21v-honestpro-yae6111\/#breadcrumb\"},\"inLanguage\":\"ar\",\"potentialAction\":[{\"@type\":\"ReadAction\",\"target\":[\"https:\/\/honestprodz.com\/product\/visseuse-perceuse-a-percussion-sans-fil-21v-honestpro-yae6111\/\"]}]},{\"@type\":\"ImageObject\",\"inLanguage\":\"ar\",\"@id\":\"https:\/\/honestprodz.com\/product\/visseuse-perceuse-a-percussion-sans-fil-21v-honestpro-yae6111\/#primaryimage\",\"url\":\"https:\/\/honestprodz.com\/wp-content\/uploads\/2025\/11\/666.jpg\",\"contentUrl\":\"https:\/\/honestprodz.com\/wp-content\/uploads\/2025\/11\/666.jpg\",\"width\":1512,\"height\":1248},{\"@type\":\"BreadcrumbList\",\"@id\":\"https:\/\/honestprodz.com\/product\/visseuse-perceuse-a-percussion-sans-fil-21v-honestpro-yae6111\/#breadcrumb\",\"itemListElement\":[{\"@type\":\"ListItem\",\"position\":1,\"name\":\"Accueil\",\"item\":\"https:\/\/honestprodz.com\/\"},{\"@type\":\"ListItem\",\"position\":2,\"name\":\"Produits\",\"item\":\"https:\/\/honestprodz.com\/shop-2\/\"},{\"@type\":\"ListItem\",\"position\":3,\"name\":\"Visseuse Perceuse a percussion sans-fil 21v HONESTPRO YAE6111\"}]},{\"@type\":\"WebSite\",\"@id\":\"https:\/\/honestprodz.com\/#website\",\"url\":\"https:\/\/honestprodz.com\/\",\"name\":\"Honestpro Alg\u00e9rie\",\"description\":\"\",\"publisher\":{\"@id\":\"https:\/\/honestprodz.com\/#organization\"},\"potentialAction\":[{\"@type\":\"SearchAction\",\"target\":{\"@type\":\"EntryPoint\",\"urlTemplate\":\"https:\/\/honestprodz.com\/?s={search_term_string}\"},\"query-input\":{\"@type\":\"PropertyValueSpecification\",\"valueRequired\":true,\"valueName\":\"search_term_string\"}}],\"inLanguage\":\"ar\"},{\"@type\":\"Organization\",\"@id\":\"https:\/\/honestprodz.com\/#organization\",\"name\":\"Honestpro Alg\u00e9rie\",\"url\":\"https:\/\/honestprodz.com\/\",\"logo\":{\"@type\":\"ImageObject\",\"inLanguage\":\"ar\",\"@id\":\"https:\/\/honestprodz.com\/#\/schema\/logo\/image\/\",\"url\":\"https:\/\/honestprodz.com\/wp-content\/uploads\/2024\/01\/logo-1667211167-Copy.png\",\"contentUrl\":\"https:\/\/honestprodz.com\/wp-content\/uploads\/2024\/01\/logo-1667211167-Copy.png\",\"width\":948,\"height\":219,\"caption\":\"Honestpro Alg\u00e9rie\"},\"image\":{\"@id\":\"https:\/\/honestprodz.com\/#\/schema\/logo\/image\/\"},\"sameAs\":[\"https:\/\/web.facebook.com\/HonestProAlgerie\"]}]}<\/script>\n<!-- \/ Yoast SEO Premium plugin. -->","yoast_head_json":{"title":"Visseuse Perceuse a percussion sans-fil 21v HONESTPRO YAE6111 - Honestpro","robots":{"index":"index","follow":"follow","max-snippet":"max-snippet:-1","max-image-preview":"max-image-preview:large","max-video-preview":"max-video-preview:-1"},"canonical":"https:\/\/honestprodz.com\/ar\/product\/visseuse-perceuse-a-percussion-sans-fil-21v-honestpro-yae6111\/","og_locale":"ar_AR","og_type":"article","og_title":"Visseuse Perceuse a percussion sans-fil 21v HONESTPRO YAE6111","og_description":"Visseuse Perceuse a percussion sans-fil 21v HONESTPRO YAE6111 Caract\u00e9ristiques cl\u00e9s : Moteur brushless : Plus de charbons, plus de surchauffe ! Ce moteur offre une...","og_url":"https:\/\/honestprodz.com\/ar\/product\/visseuse-perceuse-a-percussion-sans-fil-21v-honestpro-yae6111\/","og_site_name":"Honestpro","article_publisher":"https:\/\/web.facebook.com\/HonestProAlgerie","article_modified_time":"2026-01-04T11:19:17+00:00","og_image":[{"width":1512,"height":1248,"url":"https:\/\/honestprodz.com\/wp-content\/uploads\/2025\/11\/666.jpg","type":"image\/jpeg"}],"twitter_card":"summary_large_image","twitter_misc":{"\u0648\u0642\u062a \u0627\u0644\u0642\u0631\u0627\u0621\u0629 \u0627\u0644\u0645\u064f\u0642\u062f\u0651\u0631":"\u062f\u0642\u064a\u0642\u0629 \u0648\u0627\u062d\u062f\u0629"},"schema":{"@context":"https:\/\/schema.org","@graph":[{"@type":"WebPage","@id":"https:\/\/honestprodz.com\/product\/visseuse-perceuse-a-percussion-sans-fil-21v-honestpro-yae6111\/","url":"https:\/\/honestprodz.com\/product\/visseuse-perceuse-a-percussion-sans-fil-21v-honestpro-yae6111\/","name":"Visseuse Perceuse a percussion sans-fil 21v HONESTPRO YAE6111 - Honestpro","isPartOf":{"@id":"https:\/\/honestprodz.com\/#website"},"primaryImageOfPage":{"@id":"https:\/\/honestprodz.com\/product\/visseuse-perceuse-a-percussion-sans-fil-21v-honestpro-yae6111\/#primaryimage"},"image":{"@id":"https:\/\/honestprodz.com\/product\/visseuse-perceuse-a-percussion-sans-fil-21v-honestpro-yae6111\/#primaryimage"},"thumbnailUrl":"https:\/\/honestprodz.com\/wp-content\/uploads\/2025\/11\/666.jpg","datePublished":"2025-11-13T14:50:54+00:00","dateModified":"2026-01-04T11:19:17+00:00","breadcrumb":{"@id":"https:\/\/honestprodz.com\/product\/visseuse-perceuse-a-percussion-sans-fil-21v-honestpro-yae6111\/#breadcrumb"},"inLanguage":"ar","potentialAction":[{"@type":"ReadAction","target":["https:\/\/honestprodz.com\/product\/visseuse-perceuse-a-percussion-sans-fil-21v-honestpro-yae6111\/"]}]},{"@type":"ImageObject","inLanguage":"ar","@id":"https:\/\/honestprodz.com\/product\/visseuse-perceuse-a-percussion-sans-fil-21v-honestpro-yae6111\/#primaryimage","url":"https:\/\/honestprodz.com\/wp-content\/uploads\/2025\/11\/666.jpg","contentUrl":"https:\/\/honestprodz.com\/wp-content\/uploads\/2025\/11\/666.jpg","width":1512,"height":1248},{"@type":"BreadcrumbList","@id":"https:\/\/honestprodz.com\/product\/visseuse-perceuse-a-percussion-sans-fil-21v-honestpro-yae6111\/#breadcrumb","itemListElement":[{"@type":"ListItem","position":1,"name":"Accueil","item":"https:\/\/honestprodz.com\/"},{"@type":"ListItem","position":2,"name":"Produits","item":"https:\/\/honestprodz.com\/shop-2\/"},{"@type":"ListItem","position":3,"name":"Visseuse Perceuse a percussion sans-fil 21v HONESTPRO YAE6111"}]},{"@type":"WebSite","@id":"https:\/\/honestprodz.com\/#website","url":"https:\/\/honestprodz.com\/","name":"Honestpro Alg\u00e9rie","description":"","publisher":{"@id":"https:\/\/honestprodz.com\/#organization"},"potentialAction":[{"@type":"SearchAction","target":{"@type":"EntryPoint","urlTemplate":"https:\/\/honestprodz.com\/?s={search_term_string}"},"query-input":{"@type":"PropertyValueSpecification","valueRequired":true,"valueName":"search_term_string"}}],"inLanguage":"ar"},{"@type":"Organization","@id":"https:\/\/honestprodz.com\/#organization","name":"Honestpro Alg\u00e9rie","url":"https:\/\/honestprodz.com\/","logo":{"@type":"ImageObject","inLanguage":"ar","@id":"https:\/\/honestprodz.com\/#\/schema\/logo\/image\/","url":"https:\/\/honestprodz.com\/wp-content\/uploads\/2024\/01\/logo-1667211167-Copy.png","contentUrl":"https:\/\/honestprodz.com\/wp-content\/uploads\/2024\/01\/logo-1667211167-Copy.png","width":948,"height":219,"caption":"Honestpro Alg\u00e9rie"},"image":{"@id":"https:\/\/honestprodz.com\/#\/schema\/logo\/image\/"},"sameAs":["https:\/\/web.facebook.com\/HonestProAlgerie"]}]}},"jetpack_sharing_enabled":true,"_links":{"self":[{"href":"https:\/\/honestprodz.com\/ar\/wp-json\/wp\/v2\/product\/41378","targetHints":{"allow":["GET"]}}],"collection":[{"href":"https:\/\/honestprodz.com\/ar\/wp-json\/wp\/v2\/product"}],"about":[{"href":"https:\/\/honestprodz.com\/ar\/wp-json\/wp\/v2\/types\/product"}],"replies":[{"embeddable":true,"href":"https:\/\/honestprodz.com\/ar\/wp-json\/wp\/v2\/comments?post=41378"}],"version-history":[{"count":1,"href":"https:\/\/honestprodz.com\/ar\/wp-json\/wp\/v2\/product\/41378\/revisions"}],"predecessor-version":[{"id":41385,"href":"https:\/\/honestprodz.com\/ar\/wp-json\/wp\/v2\/product\/41378\/revisions\/41385"}],"wp:featuredmedia":[{"embeddable":true,"href":"https:\/\/honestprodz.com\/ar\/wp-json\/wp\/v2\/media\/41384"}],"wp:attachment":[{"href":"https:\/\/honestprodz.com\/ar\/wp-json\/wp\/v2\/media?parent=41378"}],"wp:term":[{"taxonomy":"brand","embeddable":true,"href":"https:\/\/honestprodz.com\/ar\/wp-json\/wp\/v2\/etheme_brands?post=41378"},{"taxonomy":"product_brand","embeddable":true,"href":"https:\/\/honestprodz.com\/ar\/wp-json\/wp\/v2\/product_brand?post=41378"},{"taxonomy":"product_cat","embeddable":true,"href":"https:\/\/honestprodz.com\/ar\/wp-json\/wp\/v2\/product_cat?post=41378"},{"taxonomy":"product_tag","embeddable":true,"href":"https:\/\/honestprodz.com\/ar\/wp-json\/wp\/v2\/product_tag?post=41378"}],"curies":[{"name":"wp","href":"https:\/\/api.w.org\/{rel}","templated":true}]}}