{"id":41373,"date":"2025-11-13T15:37:25","date_gmt":"2025-11-13T14:37:25","guid":{"rendered":"https:\/\/honestprodz.com\/?post_type=product&#038;p=41373"},"modified":"2026-04-23T14:29:18","modified_gmt":"2026-04-23T12:29:18","slug":"marteau-perforateur-electrique-1100w","status":"publish","type":"product","link":"https:\/\/honestprodz.com\/ar\/product\/marteau-perforateur-electrique-1100w\/","title":{"rendered":"Marteau perforateur \u00e9lectrique 1100W"},"content":{"rendered":"<p>syst\u00e8me SDS PLUS, avec 2 burins et 3 meches HONESTPRO YAE2273<\/p>\n<ul id=\"productContentTabs\" class=\"nav nav-tabs ps-tab-list\" role=\"tablist\">\n<li class=\"nav-item\" role=\"presentation\"><a id=\"description-tab\" class=\"nav-link active\" role=\"tab\" href=\"https:\/\/dymadis.com\/marteau-perforateur-%C3%A9lectrique-1100w-syst%C3%A8me-sds-plus,-avec-2-burins-et-3-meches-honestpro-yae2273?srsltid=AfmBOoo-0jysucgtU3Y5TO83RAtX9CB7R-gHRkpFDLe2b203MgQCr5td#description-content\" data-toggle=\"tab\" aria-controls=\"description-content\" aria-selected=\"true\">Sp\u00e9cifications<\/a><\/li>\n<\/ul>\n<div id=\"productContent\" class=\"tab-content\">\n<div id=\"description-content\" class=\"tab-pane fade show active\" role=\"tabpanel\" aria-labelledby=\"description-tab\">\n<ul>\n<li>Marteau perforateur \u00e9lectrique<\/li>\n<li>Puissance :\u00a0<strong>1100 W<\/strong><\/li>\n<li>Syst\u00e8me de fixation :\u00a0<strong>SDS PLUS<\/strong><\/li>\n<li>Accessoires inclus :\u00a0<strong>2 burins + 3 m\u00e8ches<\/strong><\/li>\n<li>Marque \/ Mod\u00e8le :<strong>\u00a0HONESTPRO YAE2265<\/strong><\/li>\n<\/ul>\n<p><strong>Usages recommand\u00e9s :<\/strong><\/p>\n<ul>\n<li>Travaux de\u00a0<strong>per\u00e7age dans le b\u00e9ton et la pierre dure<\/strong><\/li>\n<li>Op\u00e9rations de\u00a0<strong>d\u00e9molition et burinage intensif<\/strong><\/li>\n<li>Adapt\u00e9 pour\u00a0<strong>chantier, construction et r\u00e9novation<\/strong><\/li>\n<li>Convient aux\u00a0<strong>professionnels du b\u00e2timent et bricoleurs exigeants<\/strong><\/li>\n<\/ul>\n<\/div>\n<\/div>","protected":false},"excerpt":{"rendered":"<p>syst\u00e8me SDS PLUS, avec 2 burins et 3 meches HONESTPRO YAE2273 Sp\u00e9cifications Marteau perforateur \u00e9lectrique Puissance :\u00a01100 W Syst\u00e8me de fixation :\u00a0SDS PLUS Accessoires inclus&#8230;<\/p>","protected":false},"featured_media":41375,"comment_status":"open","ping_status":"closed","template":"","meta":{"om_disable_all_campaigns":false,"_monsterinsights_skip_tracking":false,"_monsterinsights_sitenote_active":false,"_monsterinsights_sitenote_note":"","_monsterinsights_sitenote_category":0},"etheme_brands":[],"product_brand":[],"product_cat":[2588,2585,2662,2596,2579,2622,2620,2586],"product_tag":[],"class_list":{"0":"post-41373","1":"product","2":"type-product","3":"status-publish","4":"has-post-thumbnail","6":"product_cat-macon","7":"product_cat-mecanicien","8":"product_cat-outils-de-coupe-et-de-meulage","9":"product_cat-outils-de-peinture","10":"product_cat-outils-electroportatifs","11":"product_cat-outils-manuels","12":"product_cat-soudeur","13":"product_cat-tolier","15":"first","16":"instock","17":"sale","18":"shipping-taxable","19":"purchasable","20":"product-type-simple"},"yoast_head":"<!-- This site is optimized with the Yoast SEO Premium plugin v22.2 (Yoast SEO v25.3.1) - https:\/\/yoast.com\/wordpress\/plugins\/seo\/ -->\n<title>Marteau perforateur \u00e9lectrique 1100W - Honestpro<\/title>\n<meta name=\"robots\" content=\"index, follow, max-snippet:-1, max-image-preview:large, max-video-preview:-1\" \/>\n<link rel=\"canonical\" href=\"https:\/\/honestprodz.com\/ar\/product\/marteau-perforateur-electrique-1100w\/\" \/>\n<meta property=\"og:locale\" content=\"ar_AR\" \/>\n<meta property=\"og:type\" content=\"article\" \/>\n<meta property=\"og:title\" content=\"Marteau perforateur \u00e9lectrique 1100W\" \/>\n<meta property=\"og:description\" content=\"syst\u00e8me SDS PLUS, avec 2 burins et 3 meches HONESTPRO YAE2273 Sp\u00e9cifications Marteau perforateur \u00e9lectrique Puissance :\u00a01100 W Syst\u00e8me de fixation :\u00a0SDS PLUS Accessoires inclus...\" \/>\n<meta property=\"og:url\" content=\"https:\/\/honestprodz.com\/ar\/product\/marteau-perforateur-electrique-1100w\/\" \/>\n<meta property=\"og:site_name\" content=\"Honestpro\" \/>\n<meta property=\"article:publisher\" content=\"https:\/\/web.facebook.com\/HonestProAlgerie\" \/>\n<meta property=\"article:modified_time\" content=\"2026-04-23T12:29:18+00:00\" \/>\n<meta property=\"og:image\" content=\"https:\/\/honestprodz.com\/wp-content\/uploads\/2025\/11\/telechargement-3.jpeg\" \/>\n\t<meta property=\"og:image:width\" content=\"259\" \/>\n\t<meta property=\"og:image:height\" content=\"194\" \/>\n\t<meta property=\"og:image:type\" content=\"image\/jpeg\" \/>\n<meta name=\"twitter:card\" content=\"summary_large_image\" \/>\n<meta name=\"twitter:label1\" content=\"\u0648\u0642\u062a \u0627\u0644\u0642\u0631\u0627\u0621\u0629 \u0627\u0644\u0645\u064f\u0642\u062f\u0651\u0631\" \/>\n\t<meta name=\"twitter:data1\" content=\"\u062f\u0642\u064a\u0642\u0629 \u0648\u0627\u062d\u062f\u0629\" \/>\n<script type=\"application\/ld+json\" class=\"yoast-schema-graph\">{\"@context\":\"https:\/\/schema.org\",\"@graph\":[{\"@type\":\"WebPage\",\"@id\":\"https:\/\/honestprodz.com\/product\/marteau-perforateur-electrique-1100w\/\",\"url\":\"https:\/\/honestprodz.com\/product\/marteau-perforateur-electrique-1100w\/\",\"name\":\"Marteau perforateur \u00e9lectrique 1100W - Honestpro\",\"isPartOf\":{\"@id\":\"https:\/\/honestprodz.com\/#website\"},\"primaryImageOfPage\":{\"@id\":\"https:\/\/honestprodz.com\/product\/marteau-perforateur-electrique-1100w\/#primaryimage\"},\"image\":{\"@id\":\"https:\/\/honestprodz.com\/product\/marteau-perforateur-electrique-1100w\/#primaryimage\"},\"thumbnailUrl\":\"https:\/\/honestprodz.com\/wp-content\/uploads\/2025\/11\/telechargement-3.jpeg\",\"datePublished\":\"2025-11-13T14:37:25+00:00\",\"dateModified\":\"2026-04-23T12:29:18+00:00\",\"breadcrumb\":{\"@id\":\"https:\/\/honestprodz.com\/product\/marteau-perforateur-electrique-1100w\/#breadcrumb\"},\"inLanguage\":\"ar\",\"potentialAction\":[{\"@type\":\"ReadAction\",\"target\":[\"https:\/\/honestprodz.com\/product\/marteau-perforateur-electrique-1100w\/\"]}]},{\"@type\":\"ImageObject\",\"inLanguage\":\"ar\",\"@id\":\"https:\/\/honestprodz.com\/product\/marteau-perforateur-electrique-1100w\/#primaryimage\",\"url\":\"https:\/\/honestprodz.com\/wp-content\/uploads\/2025\/11\/telechargement-3.jpeg\",\"contentUrl\":\"https:\/\/honestprodz.com\/wp-content\/uploads\/2025\/11\/telechargement-3.jpeg\",\"width\":259,\"height\":194},{\"@type\":\"BreadcrumbList\",\"@id\":\"https:\/\/honestprodz.com\/product\/marteau-perforateur-electrique-1100w\/#breadcrumb\",\"itemListElement\":[{\"@type\":\"ListItem\",\"position\":1,\"name\":\"Accueil\",\"item\":\"https:\/\/honestprodz.com\/\"},{\"@type\":\"ListItem\",\"position\":2,\"name\":\"Produits\",\"item\":\"https:\/\/honestprodz.com\/shop-2\/\"},{\"@type\":\"ListItem\",\"position\":3,\"name\":\"Marteau perforateur \u00e9lectrique 1100W\"}]},{\"@type\":\"WebSite\",\"@id\":\"https:\/\/honestprodz.com\/#website\",\"url\":\"https:\/\/honestprodz.com\/\",\"name\":\"Honestpro Alg\u00e9rie\",\"description\":\"\",\"publisher\":{\"@id\":\"https:\/\/honestprodz.com\/#organization\"},\"potentialAction\":[{\"@type\":\"SearchAction\",\"target\":{\"@type\":\"EntryPoint\",\"urlTemplate\":\"https:\/\/honestprodz.com\/?s={search_term_string}\"},\"query-input\":{\"@type\":\"PropertyValueSpecification\",\"valueRequired\":true,\"valueName\":\"search_term_string\"}}],\"inLanguage\":\"ar\"},{\"@type\":\"Organization\",\"@id\":\"https:\/\/honestprodz.com\/#organization\",\"name\":\"Honestpro Alg\u00e9rie\",\"url\":\"https:\/\/honestprodz.com\/\",\"logo\":{\"@type\":\"ImageObject\",\"inLanguage\":\"ar\",\"@id\":\"https:\/\/honestprodz.com\/#\/schema\/logo\/image\/\",\"url\":\"https:\/\/honestprodz.com\/wp-content\/uploads\/2024\/01\/logo-1667211167-Copy.png\",\"contentUrl\":\"https:\/\/honestprodz.com\/wp-content\/uploads\/2024\/01\/logo-1667211167-Copy.png\",\"width\":948,\"height\":219,\"caption\":\"Honestpro Alg\u00e9rie\"},\"image\":{\"@id\":\"https:\/\/honestprodz.com\/#\/schema\/logo\/image\/\"},\"sameAs\":[\"https:\/\/web.facebook.com\/HonestProAlgerie\"]}]}<\/script>\n<!-- \/ Yoast SEO Premium plugin. -->","yoast_head_json":{"title":"Marteau perforateur \u00e9lectrique 1100W - Honestpro","robots":{"index":"index","follow":"follow","max-snippet":"max-snippet:-1","max-image-preview":"max-image-preview:large","max-video-preview":"max-video-preview:-1"},"canonical":"https:\/\/honestprodz.com\/ar\/product\/marteau-perforateur-electrique-1100w\/","og_locale":"ar_AR","og_type":"article","og_title":"Marteau perforateur \u00e9lectrique 1100W","og_description":"syst\u00e8me SDS PLUS, avec 2 burins et 3 meches HONESTPRO YAE2273 Sp\u00e9cifications Marteau perforateur \u00e9lectrique Puissance :\u00a01100 W Syst\u00e8me de fixation :\u00a0SDS PLUS Accessoires inclus...","og_url":"https:\/\/honestprodz.com\/ar\/product\/marteau-perforateur-electrique-1100w\/","og_site_name":"Honestpro","article_publisher":"https:\/\/web.facebook.com\/HonestProAlgerie","article_modified_time":"2026-04-23T12:29:18+00:00","og_image":[{"width":259,"height":194,"url":"https:\/\/honestprodz.com\/wp-content\/uploads\/2025\/11\/telechargement-3.jpeg","type":"image\/jpeg"}],"twitter_card":"summary_large_image","twitter_misc":{"\u0648\u0642\u062a \u0627\u0644\u0642\u0631\u0627\u0621\u0629 \u0627\u0644\u0645\u064f\u0642\u062f\u0651\u0631":"\u062f\u0642\u064a\u0642\u0629 \u0648\u0627\u062d\u062f\u0629"},"schema":{"@context":"https:\/\/schema.org","@graph":[{"@type":"WebPage","@id":"https:\/\/honestprodz.com\/product\/marteau-perforateur-electrique-1100w\/","url":"https:\/\/honestprodz.com\/product\/marteau-perforateur-electrique-1100w\/","name":"Marteau perforateur \u00e9lectrique 1100W - Honestpro","isPartOf":{"@id":"https:\/\/honestprodz.com\/#website"},"primaryImageOfPage":{"@id":"https:\/\/honestprodz.com\/product\/marteau-perforateur-electrique-1100w\/#primaryimage"},"image":{"@id":"https:\/\/honestprodz.com\/product\/marteau-perforateur-electrique-1100w\/#primaryimage"},"thumbnailUrl":"https:\/\/honestprodz.com\/wp-content\/uploads\/2025\/11\/telechargement-3.jpeg","datePublished":"2025-11-13T14:37:25+00:00","dateModified":"2026-04-23T12:29:18+00:00","breadcrumb":{"@id":"https:\/\/honestprodz.com\/product\/marteau-perforateur-electrique-1100w\/#breadcrumb"},"inLanguage":"ar","potentialAction":[{"@type":"ReadAction","target":["https:\/\/honestprodz.com\/product\/marteau-perforateur-electrique-1100w\/"]}]},{"@type":"ImageObject","inLanguage":"ar","@id":"https:\/\/honestprodz.com\/product\/marteau-perforateur-electrique-1100w\/#primaryimage","url":"https:\/\/honestprodz.com\/wp-content\/uploads\/2025\/11\/telechargement-3.jpeg","contentUrl":"https:\/\/honestprodz.com\/wp-content\/uploads\/2025\/11\/telechargement-3.jpeg","width":259,"height":194},{"@type":"BreadcrumbList","@id":"https:\/\/honestprodz.com\/product\/marteau-perforateur-electrique-1100w\/#breadcrumb","itemListElement":[{"@type":"ListItem","position":1,"name":"Accueil","item":"https:\/\/honestprodz.com\/"},{"@type":"ListItem","position":2,"name":"Produits","item":"https:\/\/honestprodz.com\/shop-2\/"},{"@type":"ListItem","position":3,"name":"Marteau perforateur \u00e9lectrique 1100W"}]},{"@type":"WebSite","@id":"https:\/\/honestprodz.com\/#website","url":"https:\/\/honestprodz.com\/","name":"Honestpro Alg\u00e9rie","description":"","publisher":{"@id":"https:\/\/honestprodz.com\/#organization"},"potentialAction":[{"@type":"SearchAction","target":{"@type":"EntryPoint","urlTemplate":"https:\/\/honestprodz.com\/?s={search_term_string}"},"query-input":{"@type":"PropertyValueSpecification","valueRequired":true,"valueName":"search_term_string"}}],"inLanguage":"ar"},{"@type":"Organization","@id":"https:\/\/honestprodz.com\/#organization","name":"Honestpro Alg\u00e9rie","url":"https:\/\/honestprodz.com\/","logo":{"@type":"ImageObject","inLanguage":"ar","@id":"https:\/\/honestprodz.com\/#\/schema\/logo\/image\/","url":"https:\/\/honestprodz.com\/wp-content\/uploads\/2024\/01\/logo-1667211167-Copy.png","contentUrl":"https:\/\/honestprodz.com\/wp-content\/uploads\/2024\/01\/logo-1667211167-Copy.png","width":948,"height":219,"caption":"Honestpro Alg\u00e9rie"},"image":{"@id":"https:\/\/honestprodz.com\/#\/schema\/logo\/image\/"},"sameAs":["https:\/\/web.facebook.com\/HonestProAlgerie"]}]}},"jetpack_sharing_enabled":true,"_links":{"self":[{"href":"https:\/\/honestprodz.com\/ar\/wp-json\/wp\/v2\/product\/41373","targetHints":{"allow":["GET"]}}],"collection":[{"href":"https:\/\/honestprodz.com\/ar\/wp-json\/wp\/v2\/product"}],"about":[{"href":"https:\/\/honestprodz.com\/ar\/wp-json\/wp\/v2\/types\/product"}],"replies":[{"embeddable":true,"href":"https:\/\/honestprodz.com\/ar\/wp-json\/wp\/v2\/comments?post=41373"}],"version-history":[{"count":2,"href":"https:\/\/honestprodz.com\/ar\/wp-json\/wp\/v2\/product\/41373\/revisions"}],"predecessor-version":[{"id":41379,"href":"https:\/\/honestprodz.com\/ar\/wp-json\/wp\/v2\/product\/41373\/revisions\/41379"}],"wp:featuredmedia":[{"embeddable":true,"href":"https:\/\/honestprodz.com\/ar\/wp-json\/wp\/v2\/media\/41375"}],"wp:attachment":[{"href":"https:\/\/honestprodz.com\/ar\/wp-json\/wp\/v2\/media?parent=41373"}],"wp:term":[{"taxonomy":"brand","embeddable":true,"href":"https:\/\/honestprodz.com\/ar\/wp-json\/wp\/v2\/etheme_brands?post=41373"},{"taxonomy":"product_brand","embeddable":true,"href":"https:\/\/honestprodz.com\/ar\/wp-json\/wp\/v2\/product_brand?post=41373"},{"taxonomy":"product_cat","embeddable":true,"href":"https:\/\/honestprodz.com\/ar\/wp-json\/wp\/v2\/product_cat?post=41373"},{"taxonomy":"product_tag","embeddable":true,"href":"https:\/\/honestprodz.com\/ar\/wp-json\/wp\/v2\/product_tag?post=41373"}],"curies":[{"name":"wp","href":"https:\/\/api.w.org\/{rel}","templated":true}]}}