{"id":41347,"date":"2025-11-13T12:27:22","date_gmt":"2025-11-13T11:27:22","guid":{"rendered":"https:\/\/honestprodz.com\/?post_type=product&#038;p=41347"},"modified":"2025-11-13T12:27:23","modified_gmt":"2025-11-13T11:27:23","slug":"pince-evaseur-et-degorgeur-pour-tube-de-cuivre","status":"publish","type":"product","link":"https:\/\/honestprodz.com\/ar\/product\/pince-evaseur-et-degorgeur-pour-tube-de-cuivre\/","title":{"rendered":"pince \u00e9vaseur et d\u00e9gorgeur pour tube de cuivre"},"content":{"rendered":"<p>pince \u00e9vaseur et d\u00e9gorgeur pour tube de cuivre honest-pro<\/p>","protected":false},"excerpt":{"rendered":"<p>pince \u00e9vaseur et d\u00e9gorgeur pour tube de cuivre honest-pro<\/p>","protected":false},"featured_media":41350,"comment_status":"open","ping_status":"closed","template":"","meta":{"om_disable_all_campaigns":false,"_monsterinsights_skip_tracking":false,"_monsterinsights_sitenote_active":false,"_monsterinsights_sitenote_note":"","_monsterinsights_sitenote_category":0},"etheme_brands":[],"product_brand":[],"product_cat":[2662,2622,2643,2620,2586],"product_tag":[],"class_list":{"0":"post-41347","1":"product","2":"type-product","3":"status-publish","4":"has-post-thumbnail","6":"product_cat-outils-de-coupe-et-de-meulage","7":"product_cat-outils-manuels","8":"product_cat-pinces-cutter-cle","9":"product_cat-soudeur","10":"product_cat-tolier","12":"first","13":"instock","14":"sale","15":"shipping-taxable","16":"purchasable","17":"product-type-simple"},"yoast_head":"<!-- This site is optimized with the Yoast SEO Premium plugin v22.2 (Yoast SEO v25.3.1) - https:\/\/yoast.com\/wordpress\/plugins\/seo\/ -->\n<title>pince \u00e9vaseur et d\u00e9gorgeur pour tube de cuivre - Honestpro<\/title>\n<meta name=\"robots\" content=\"index, follow, max-snippet:-1, max-image-preview:large, max-video-preview:-1\" \/>\n<link rel=\"canonical\" href=\"https:\/\/honestprodz.com\/ar\/product\/pince-evaseur-et-degorgeur-pour-tube-de-cuivre\/\" \/>\n<meta property=\"og:locale\" content=\"ar_AR\" \/>\n<meta property=\"og:type\" content=\"article\" \/>\n<meta property=\"og:title\" content=\"pince \u00e9vaseur et d\u00e9gorgeur pour tube de cuivre\" \/>\n<meta property=\"og:description\" content=\"pince \u00e9vaseur et d\u00e9gorgeur pour tube de cuivre honest-pro\" \/>\n<meta property=\"og:url\" content=\"https:\/\/honestprodz.com\/ar\/product\/pince-evaseur-et-degorgeur-pour-tube-de-cuivre\/\" \/>\n<meta property=\"og:site_name\" content=\"Honestpro\" \/>\n<meta property=\"article:publisher\" content=\"https:\/\/web.facebook.com\/HonestProAlgerie\" \/>\n<meta property=\"article:modified_time\" content=\"2025-11-13T11:27:23+00:00\" \/>\n<meta property=\"og:image\" content=\"https:\/\/honestprodz.com\/wp-content\/uploads\/2025\/11\/YAP0185_2.webp\" \/>\n\t<meta property=\"og:image:width\" content=\"1000\" \/>\n\t<meta property=\"og:image:height\" content=\"1000\" \/>\n\t<meta property=\"og:image:type\" content=\"image\/webp\" \/>\n<meta name=\"twitter:card\" content=\"summary_large_image\" \/>\n<meta name=\"twitter:label1\" content=\"\u0648\u0642\u062a \u0627\u0644\u0642\u0631\u0627\u0621\u0629 \u0627\u0644\u0645\u064f\u0642\u062f\u0651\u0631\" \/>\n\t<meta name=\"twitter:data1\" content=\"\u062f\u0642\u064a\u0642\u0629 \u0648\u0627\u062d\u062f\u0629\" \/>\n<script type=\"application\/ld+json\" class=\"yoast-schema-graph\">{\"@context\":\"https:\/\/schema.org\",\"@graph\":[{\"@type\":\"WebPage\",\"@id\":\"https:\/\/honestprodz.com\/product\/pince-evaseur-et-degorgeur-pour-tube-de-cuivre\/\",\"url\":\"https:\/\/honestprodz.com\/product\/pince-evaseur-et-degorgeur-pour-tube-de-cuivre\/\",\"name\":\"pince \u00e9vaseur et d\u00e9gorgeur pour tube de cuivre - Honestpro\",\"isPartOf\":{\"@id\":\"https:\/\/honestprodz.com\/#website\"},\"primaryImageOfPage\":{\"@id\":\"https:\/\/honestprodz.com\/product\/pince-evaseur-et-degorgeur-pour-tube-de-cuivre\/#primaryimage\"},\"image\":{\"@id\":\"https:\/\/honestprodz.com\/product\/pince-evaseur-et-degorgeur-pour-tube-de-cuivre\/#primaryimage\"},\"thumbnailUrl\":\"https:\/\/honestprodz.com\/wp-content\/uploads\/2025\/11\/YAP0185_2.webp\",\"datePublished\":\"2025-11-13T11:27:22+00:00\",\"dateModified\":\"2025-11-13T11:27:23+00:00\",\"breadcrumb\":{\"@id\":\"https:\/\/honestprodz.com\/product\/pince-evaseur-et-degorgeur-pour-tube-de-cuivre\/#breadcrumb\"},\"inLanguage\":\"ar\",\"potentialAction\":[{\"@type\":\"ReadAction\",\"target\":[\"https:\/\/honestprodz.com\/product\/pince-evaseur-et-degorgeur-pour-tube-de-cuivre\/\"]}]},{\"@type\":\"ImageObject\",\"inLanguage\":\"ar\",\"@id\":\"https:\/\/honestprodz.com\/product\/pince-evaseur-et-degorgeur-pour-tube-de-cuivre\/#primaryimage\",\"url\":\"https:\/\/honestprodz.com\/wp-content\/uploads\/2025\/11\/YAP0185_2.webp\",\"contentUrl\":\"https:\/\/honestprodz.com\/wp-content\/uploads\/2025\/11\/YAP0185_2.webp\",\"width\":1000,\"height\":1000},{\"@type\":\"BreadcrumbList\",\"@id\":\"https:\/\/honestprodz.com\/product\/pince-evaseur-et-degorgeur-pour-tube-de-cuivre\/#breadcrumb\",\"itemListElement\":[{\"@type\":\"ListItem\",\"position\":1,\"name\":\"Accueil\",\"item\":\"https:\/\/honestprodz.com\/\"},{\"@type\":\"ListItem\",\"position\":2,\"name\":\"Produits\",\"item\":\"https:\/\/honestprodz.com\/shop-2\/\"},{\"@type\":\"ListItem\",\"position\":3,\"name\":\"pince \u00e9vaseur et d\u00e9gorgeur pour tube de cuivre\"}]},{\"@type\":\"WebSite\",\"@id\":\"https:\/\/honestprodz.com\/#website\",\"url\":\"https:\/\/honestprodz.com\/\",\"name\":\"Honestpro Alg\u00e9rie\",\"description\":\"\",\"publisher\":{\"@id\":\"https:\/\/honestprodz.com\/#organization\"},\"potentialAction\":[{\"@type\":\"SearchAction\",\"target\":{\"@type\":\"EntryPoint\",\"urlTemplate\":\"https:\/\/honestprodz.com\/?s={search_term_string}\"},\"query-input\":{\"@type\":\"PropertyValueSpecification\",\"valueRequired\":true,\"valueName\":\"search_term_string\"}}],\"inLanguage\":\"ar\"},{\"@type\":\"Organization\",\"@id\":\"https:\/\/honestprodz.com\/#organization\",\"name\":\"Honestpro Alg\u00e9rie\",\"url\":\"https:\/\/honestprodz.com\/\",\"logo\":{\"@type\":\"ImageObject\",\"inLanguage\":\"ar\",\"@id\":\"https:\/\/honestprodz.com\/#\/schema\/logo\/image\/\",\"url\":\"https:\/\/honestprodz.com\/wp-content\/uploads\/2024\/01\/logo-1667211167-Copy.png\",\"contentUrl\":\"https:\/\/honestprodz.com\/wp-content\/uploads\/2024\/01\/logo-1667211167-Copy.png\",\"width\":948,\"height\":219,\"caption\":\"Honestpro Alg\u00e9rie\"},\"image\":{\"@id\":\"https:\/\/honestprodz.com\/#\/schema\/logo\/image\/\"},\"sameAs\":[\"https:\/\/web.facebook.com\/HonestProAlgerie\"]}]}<\/script>\n<!-- \/ Yoast SEO Premium plugin. -->","yoast_head_json":{"title":"pince \u00e9vaseur et d\u00e9gorgeur pour tube de cuivre - Honestpro","robots":{"index":"index","follow":"follow","max-snippet":"max-snippet:-1","max-image-preview":"max-image-preview:large","max-video-preview":"max-video-preview:-1"},"canonical":"https:\/\/honestprodz.com\/ar\/product\/pince-evaseur-et-degorgeur-pour-tube-de-cuivre\/","og_locale":"ar_AR","og_type":"article","og_title":"pince \u00e9vaseur et d\u00e9gorgeur pour tube de cuivre","og_description":"pince \u00e9vaseur et d\u00e9gorgeur pour tube de cuivre honest-pro","og_url":"https:\/\/honestprodz.com\/ar\/product\/pince-evaseur-et-degorgeur-pour-tube-de-cuivre\/","og_site_name":"Honestpro","article_publisher":"https:\/\/web.facebook.com\/HonestProAlgerie","article_modified_time":"2025-11-13T11:27:23+00:00","og_image":[{"width":1000,"height":1000,"url":"https:\/\/honestprodz.com\/wp-content\/uploads\/2025\/11\/YAP0185_2.webp","type":"image\/webp"}],"twitter_card":"summary_large_image","twitter_misc":{"\u0648\u0642\u062a \u0627\u0644\u0642\u0631\u0627\u0621\u0629 \u0627\u0644\u0645\u064f\u0642\u062f\u0651\u0631":"\u062f\u0642\u064a\u0642\u0629 \u0648\u0627\u062d\u062f\u0629"},"schema":{"@context":"https:\/\/schema.org","@graph":[{"@type":"WebPage","@id":"https:\/\/honestprodz.com\/product\/pince-evaseur-et-degorgeur-pour-tube-de-cuivre\/","url":"https:\/\/honestprodz.com\/product\/pince-evaseur-et-degorgeur-pour-tube-de-cuivre\/","name":"pince \u00e9vaseur et d\u00e9gorgeur pour tube de cuivre - Honestpro","isPartOf":{"@id":"https:\/\/honestprodz.com\/#website"},"primaryImageOfPage":{"@id":"https:\/\/honestprodz.com\/product\/pince-evaseur-et-degorgeur-pour-tube-de-cuivre\/#primaryimage"},"image":{"@id":"https:\/\/honestprodz.com\/product\/pince-evaseur-et-degorgeur-pour-tube-de-cuivre\/#primaryimage"},"thumbnailUrl":"https:\/\/honestprodz.com\/wp-content\/uploads\/2025\/11\/YAP0185_2.webp","datePublished":"2025-11-13T11:27:22+00:00","dateModified":"2025-11-13T11:27:23+00:00","breadcrumb":{"@id":"https:\/\/honestprodz.com\/product\/pince-evaseur-et-degorgeur-pour-tube-de-cuivre\/#breadcrumb"},"inLanguage":"ar","potentialAction":[{"@type":"ReadAction","target":["https:\/\/honestprodz.com\/product\/pince-evaseur-et-degorgeur-pour-tube-de-cuivre\/"]}]},{"@type":"ImageObject","inLanguage":"ar","@id":"https:\/\/honestprodz.com\/product\/pince-evaseur-et-degorgeur-pour-tube-de-cuivre\/#primaryimage","url":"https:\/\/honestprodz.com\/wp-content\/uploads\/2025\/11\/YAP0185_2.webp","contentUrl":"https:\/\/honestprodz.com\/wp-content\/uploads\/2025\/11\/YAP0185_2.webp","width":1000,"height":1000},{"@type":"BreadcrumbList","@id":"https:\/\/honestprodz.com\/product\/pince-evaseur-et-degorgeur-pour-tube-de-cuivre\/#breadcrumb","itemListElement":[{"@type":"ListItem","position":1,"name":"Accueil","item":"https:\/\/honestprodz.com\/"},{"@type":"ListItem","position":2,"name":"Produits","item":"https:\/\/honestprodz.com\/shop-2\/"},{"@type":"ListItem","position":3,"name":"pince \u00e9vaseur et d\u00e9gorgeur pour tube de cuivre"}]},{"@type":"WebSite","@id":"https:\/\/honestprodz.com\/#website","url":"https:\/\/honestprodz.com\/","name":"Honestpro Alg\u00e9rie","description":"","publisher":{"@id":"https:\/\/honestprodz.com\/#organization"},"potentialAction":[{"@type":"SearchAction","target":{"@type":"EntryPoint","urlTemplate":"https:\/\/honestprodz.com\/?s={search_term_string}"},"query-input":{"@type":"PropertyValueSpecification","valueRequired":true,"valueName":"search_term_string"}}],"inLanguage":"ar"},{"@type":"Organization","@id":"https:\/\/honestprodz.com\/#organization","name":"Honestpro Alg\u00e9rie","url":"https:\/\/honestprodz.com\/","logo":{"@type":"ImageObject","inLanguage":"ar","@id":"https:\/\/honestprodz.com\/#\/schema\/logo\/image\/","url":"https:\/\/honestprodz.com\/wp-content\/uploads\/2024\/01\/logo-1667211167-Copy.png","contentUrl":"https:\/\/honestprodz.com\/wp-content\/uploads\/2024\/01\/logo-1667211167-Copy.png","width":948,"height":219,"caption":"Honestpro Alg\u00e9rie"},"image":{"@id":"https:\/\/honestprodz.com\/#\/schema\/logo\/image\/"},"sameAs":["https:\/\/web.facebook.com\/HonestProAlgerie"]}]}},"jetpack_sharing_enabled":true,"_links":{"self":[{"href":"https:\/\/honestprodz.com\/ar\/wp-json\/wp\/v2\/product\/41347","targetHints":{"allow":["GET"]}}],"collection":[{"href":"https:\/\/honestprodz.com\/ar\/wp-json\/wp\/v2\/product"}],"about":[{"href":"https:\/\/honestprodz.com\/ar\/wp-json\/wp\/v2\/types\/product"}],"replies":[{"embeddable":true,"href":"https:\/\/honestprodz.com\/ar\/wp-json\/wp\/v2\/comments?post=41347"}],"version-history":[{"count":1,"href":"https:\/\/honestprodz.com\/ar\/wp-json\/wp\/v2\/product\/41347\/revisions"}],"predecessor-version":[{"id":41352,"href":"https:\/\/honestprodz.com\/ar\/wp-json\/wp\/v2\/product\/41347\/revisions\/41352"}],"wp:featuredmedia":[{"embeddable":true,"href":"https:\/\/honestprodz.com\/ar\/wp-json\/wp\/v2\/media\/41350"}],"wp:attachment":[{"href":"https:\/\/honestprodz.com\/ar\/wp-json\/wp\/v2\/media?parent=41347"}],"wp:term":[{"taxonomy":"brand","embeddable":true,"href":"https:\/\/honestprodz.com\/ar\/wp-json\/wp\/v2\/etheme_brands?post=41347"},{"taxonomy":"product_brand","embeddable":true,"href":"https:\/\/honestprodz.com\/ar\/wp-json\/wp\/v2\/product_brand?post=41347"},{"taxonomy":"product_cat","embeddable":true,"href":"https:\/\/honestprodz.com\/ar\/wp-json\/wp\/v2\/product_cat?post=41347"},{"taxonomy":"product_tag","embeddable":true,"href":"https:\/\/honestprodz.com\/ar\/wp-json\/wp\/v2\/product_tag?post=41347"}],"curies":[{"name":"wp","href":"https:\/\/api.w.org\/{rel}","templated":true}]}}