{"id":40901,"date":"2025-09-18T18:31:23","date_gmt":"2025-09-18T16:31:23","guid":{"rendered":"https:\/\/honestprodz.com\/?post_type=product&#038;p=40901"},"modified":"2026-02-23T16:12:56","modified_gmt":"2026-02-23T15:12:56","slug":"visseuse-perceuse-brushless-21v-70nm-honestplus","status":"publish","type":"product","link":"https:\/\/honestprodz.com\/ar\/product\/visseuse-perceuse-brushless-21v-70nm-honestplus\/","title":{"rendered":"Visseuse-perceuse Brushless 21V 70Nm HONESTPLUS"},"content":{"rendered":"<p>Visseuse-perceuse Brushless 21V 70Nm HONESTPLUS<\/p>\n<p>YAE6175<\/p>\n<h1><strong>Visseuse-perceuse Brushless 21V 70Nm HONESTPLUS YAE6175<\/strong><\/h1>\n<ul>\n<li>Visseuse-perceuse\u00a0<strong>brushless 21V HONESTPLUS YAE6175<\/strong>,\u00a0<strong>max 70 Nm<\/strong>\u00a0de couple, impact drill<\/li>\n<li><strong>Vitesse variable<\/strong>\u00a0: 1-500 rpm \/ 11-2000 rpm, mandrin m\u00e9tallique auto-serrant 10 mm<\/li>\n<li><strong>Double batterie 24V 2.0Ah<\/strong>\u00a0+ chargeur 2.4A pour une utilisation prolong\u00e9e<\/li>\n<li><strong>Moteur sans charbon<\/strong>\u00a0pour plus de puissance et durabilit\u00e9<\/li>\n<li>Fonctionne comme visseuse, perceuse et d\u00e9visseuse, \u00e9quip\u00e9e d\u2019une torche LED<\/li>\n<li>Robuste, l\u00e9ger, ergonomique, id\u00e9al pour travaux lourds ou professionnels<\/li>\n<\/ul>","protected":false},"excerpt":{"rendered":"<p>Visseuse-perceuse Brushless 21V 70Nm HONESTPLUS YAE6175 Visseuse-perceuse Brushless 21V 70Nm HONESTPLUS YAE6175 Visseuse-perceuse\u00a0brushless 21V HONESTPLUS YAE6175,\u00a0max 70 Nm\u00a0de couple, impact drill Vitesse variable\u00a0: 1-500 rpm&#8230;<\/p>","protected":false},"featured_media":40907,"comment_status":"open","ping_status":"closed","template":"","meta":{"om_disable_all_campaigns":false,"_monsterinsights_skip_tracking":false,"_monsterinsights_sitenote_active":false,"_monsterinsights_sitenote_note":"","_monsterinsights_sitenote_category":0},"etheme_brands":[],"product_brand":[],"product_cat":[2588,2585,2662,2596,2579,2622,2598,2620,2586],"product_tag":[],"class_list":{"0":"post-40901","1":"product","2":"type-product","3":"status-publish","4":"has-post-thumbnail","6":"product_cat-macon","7":"product_cat-mecanicien","8":"product_cat-outils-de-coupe-et-de-meulage","9":"product_cat-outils-de-peinture","10":"product_cat-outils-electroportatifs","11":"product_cat-outils-manuels","12":"product_cat-peintre","13":"product_cat-soudeur","14":"product_cat-tolier","16":"first","17":"outofstock","18":"sale","19":"shipping-taxable","20":"purchasable","21":"product-type-simple"},"yoast_head":"<!-- This site is optimized with the Yoast SEO Premium plugin v22.2 (Yoast SEO v25.3.1) - https:\/\/yoast.com\/wordpress\/plugins\/seo\/ -->\n<title>Visseuse-perceuse Brushless 21V 70Nm HONESTPLUS - Honestpro<\/title>\n<meta name=\"robots\" content=\"index, follow, max-snippet:-1, max-image-preview:large, max-video-preview:-1\" \/>\n<link rel=\"canonical\" href=\"https:\/\/honestprodz.com\/ar\/product\/visseuse-perceuse-brushless-21v-70nm-honestplus\/\" \/>\n<meta property=\"og:locale\" content=\"ar_AR\" \/>\n<meta property=\"og:type\" content=\"article\" \/>\n<meta property=\"og:title\" content=\"Visseuse-perceuse Brushless 21V 70Nm HONESTPLUS\" \/>\n<meta property=\"og:description\" content=\"Visseuse-perceuse Brushless 21V 70Nm HONESTPLUS YAE6175 Visseuse-perceuse Brushless 21V 70Nm HONESTPLUS YAE6175 Visseuse-perceuse\u00a0brushless 21V HONESTPLUS YAE6175,\u00a0max 70 Nm\u00a0de couple, impact drill Vitesse variable\u00a0: 1-500 rpm...\" \/>\n<meta property=\"og:url\" content=\"https:\/\/honestprodz.com\/ar\/product\/visseuse-perceuse-brushless-21v-70nm-honestplus\/\" \/>\n<meta property=\"og:site_name\" content=\"Honestpro\" \/>\n<meta property=\"article:publisher\" content=\"https:\/\/web.facebook.com\/HonestProAlgerie\" \/>\n<meta property=\"article:modified_time\" content=\"2026-02-23T15:12:56+00:00\" \/>\n<meta property=\"og:image\" content=\"https:\/\/honestprodz.com\/wp-content\/uploads\/2025\/09\/21VVVV.jpg\" \/>\n\t<meta property=\"og:image:width\" content=\"960\" \/>\n\t<meta property=\"og:image:height\" content=\"1280\" \/>\n\t<meta property=\"og:image:type\" content=\"image\/jpeg\" \/>\n<meta name=\"twitter:card\" content=\"summary_large_image\" \/>\n<meta name=\"twitter:label1\" content=\"\u0648\u0642\u062a \u0627\u0644\u0642\u0631\u0627\u0621\u0629 \u0627\u0644\u0645\u064f\u0642\u062f\u0651\u0631\" \/>\n\t<meta name=\"twitter:data1\" content=\"\u062f\u0642\u064a\u0642\u0629 \u0648\u0627\u062d\u062f\u0629\" \/>\n<script type=\"application\/ld+json\" class=\"yoast-schema-graph\">{\"@context\":\"https:\/\/schema.org\",\"@graph\":[{\"@type\":\"WebPage\",\"@id\":\"https:\/\/honestprodz.com\/product\/visseuse-perceuse-brushless-21v-70nm-honestplus\/\",\"url\":\"https:\/\/honestprodz.com\/product\/visseuse-perceuse-brushless-21v-70nm-honestplus\/\",\"name\":\"Visseuse-perceuse Brushless 21V 70Nm HONESTPLUS - Honestpro\",\"isPartOf\":{\"@id\":\"https:\/\/honestprodz.com\/#website\"},\"primaryImageOfPage\":{\"@id\":\"https:\/\/honestprodz.com\/product\/visseuse-perceuse-brushless-21v-70nm-honestplus\/#primaryimage\"},\"image\":{\"@id\":\"https:\/\/honestprodz.com\/product\/visseuse-perceuse-brushless-21v-70nm-honestplus\/#primaryimage\"},\"thumbnailUrl\":\"https:\/\/honestprodz.com\/wp-content\/uploads\/2025\/09\/21VVVV.jpg\",\"datePublished\":\"2025-09-18T16:31:23+00:00\",\"dateModified\":\"2026-02-23T15:12:56+00:00\",\"breadcrumb\":{\"@id\":\"https:\/\/honestprodz.com\/product\/visseuse-perceuse-brushless-21v-70nm-honestplus\/#breadcrumb\"},\"inLanguage\":\"ar\",\"potentialAction\":[{\"@type\":\"ReadAction\",\"target\":[\"https:\/\/honestprodz.com\/product\/visseuse-perceuse-brushless-21v-70nm-honestplus\/\"]}]},{\"@type\":\"ImageObject\",\"inLanguage\":\"ar\",\"@id\":\"https:\/\/honestprodz.com\/product\/visseuse-perceuse-brushless-21v-70nm-honestplus\/#primaryimage\",\"url\":\"https:\/\/honestprodz.com\/wp-content\/uploads\/2025\/09\/21VVVV.jpg\",\"contentUrl\":\"https:\/\/honestprodz.com\/wp-content\/uploads\/2025\/09\/21VVVV.jpg\",\"width\":960,\"height\":1280},{\"@type\":\"BreadcrumbList\",\"@id\":\"https:\/\/honestprodz.com\/product\/visseuse-perceuse-brushless-21v-70nm-honestplus\/#breadcrumb\",\"itemListElement\":[{\"@type\":\"ListItem\",\"position\":1,\"name\":\"Accueil\",\"item\":\"https:\/\/honestprodz.com\/\"},{\"@type\":\"ListItem\",\"position\":2,\"name\":\"Produits\",\"item\":\"https:\/\/honestprodz.com\/shop-2\/\"},{\"@type\":\"ListItem\",\"position\":3,\"name\":\"Visseuse-perceuse Brushless 21V 70Nm HONESTPLUS\"}]},{\"@type\":\"WebSite\",\"@id\":\"https:\/\/honestprodz.com\/#website\",\"url\":\"https:\/\/honestprodz.com\/\",\"name\":\"Honestpro Alg\u00e9rie\",\"description\":\"\",\"publisher\":{\"@id\":\"https:\/\/honestprodz.com\/#organization\"},\"potentialAction\":[{\"@type\":\"SearchAction\",\"target\":{\"@type\":\"EntryPoint\",\"urlTemplate\":\"https:\/\/honestprodz.com\/?s={search_term_string}\"},\"query-input\":{\"@type\":\"PropertyValueSpecification\",\"valueRequired\":true,\"valueName\":\"search_term_string\"}}],\"inLanguage\":\"ar\"},{\"@type\":\"Organization\",\"@id\":\"https:\/\/honestprodz.com\/#organization\",\"name\":\"Honestpro Alg\u00e9rie\",\"url\":\"https:\/\/honestprodz.com\/\",\"logo\":{\"@type\":\"ImageObject\",\"inLanguage\":\"ar\",\"@id\":\"https:\/\/honestprodz.com\/#\/schema\/logo\/image\/\",\"url\":\"https:\/\/honestprodz.com\/wp-content\/uploads\/2024\/01\/logo-1667211167-Copy.png\",\"contentUrl\":\"https:\/\/honestprodz.com\/wp-content\/uploads\/2024\/01\/logo-1667211167-Copy.png\",\"width\":948,\"height\":219,\"caption\":\"Honestpro Alg\u00e9rie\"},\"image\":{\"@id\":\"https:\/\/honestprodz.com\/#\/schema\/logo\/image\/\"},\"sameAs\":[\"https:\/\/web.facebook.com\/HonestProAlgerie\"]}]}<\/script>\n<!-- \/ Yoast SEO Premium plugin. -->","yoast_head_json":{"title":"Visseuse-perceuse Brushless 21V 70Nm HONESTPLUS - Honestpro","robots":{"index":"index","follow":"follow","max-snippet":"max-snippet:-1","max-image-preview":"max-image-preview:large","max-video-preview":"max-video-preview:-1"},"canonical":"https:\/\/honestprodz.com\/ar\/product\/visseuse-perceuse-brushless-21v-70nm-honestplus\/","og_locale":"ar_AR","og_type":"article","og_title":"Visseuse-perceuse Brushless 21V 70Nm HONESTPLUS","og_description":"Visseuse-perceuse Brushless 21V 70Nm HONESTPLUS YAE6175 Visseuse-perceuse Brushless 21V 70Nm HONESTPLUS YAE6175 Visseuse-perceuse\u00a0brushless 21V HONESTPLUS YAE6175,\u00a0max 70 Nm\u00a0de couple, impact drill Vitesse variable\u00a0: 1-500 rpm...","og_url":"https:\/\/honestprodz.com\/ar\/product\/visseuse-perceuse-brushless-21v-70nm-honestplus\/","og_site_name":"Honestpro","article_publisher":"https:\/\/web.facebook.com\/HonestProAlgerie","article_modified_time":"2026-02-23T15:12:56+00:00","og_image":[{"width":960,"height":1280,"url":"https:\/\/honestprodz.com\/wp-content\/uploads\/2025\/09\/21VVVV.jpg","type":"image\/jpeg"}],"twitter_card":"summary_large_image","twitter_misc":{"\u0648\u0642\u062a \u0627\u0644\u0642\u0631\u0627\u0621\u0629 \u0627\u0644\u0645\u064f\u0642\u062f\u0651\u0631":"\u062f\u0642\u064a\u0642\u0629 \u0648\u0627\u062d\u062f\u0629"},"schema":{"@context":"https:\/\/schema.org","@graph":[{"@type":"WebPage","@id":"https:\/\/honestprodz.com\/product\/visseuse-perceuse-brushless-21v-70nm-honestplus\/","url":"https:\/\/honestprodz.com\/product\/visseuse-perceuse-brushless-21v-70nm-honestplus\/","name":"Visseuse-perceuse Brushless 21V 70Nm HONESTPLUS - Honestpro","isPartOf":{"@id":"https:\/\/honestprodz.com\/#website"},"primaryImageOfPage":{"@id":"https:\/\/honestprodz.com\/product\/visseuse-perceuse-brushless-21v-70nm-honestplus\/#primaryimage"},"image":{"@id":"https:\/\/honestprodz.com\/product\/visseuse-perceuse-brushless-21v-70nm-honestplus\/#primaryimage"},"thumbnailUrl":"https:\/\/honestprodz.com\/wp-content\/uploads\/2025\/09\/21VVVV.jpg","datePublished":"2025-09-18T16:31:23+00:00","dateModified":"2026-02-23T15:12:56+00:00","breadcrumb":{"@id":"https:\/\/honestprodz.com\/product\/visseuse-perceuse-brushless-21v-70nm-honestplus\/#breadcrumb"},"inLanguage":"ar","potentialAction":[{"@type":"ReadAction","target":["https:\/\/honestprodz.com\/product\/visseuse-perceuse-brushless-21v-70nm-honestplus\/"]}]},{"@type":"ImageObject","inLanguage":"ar","@id":"https:\/\/honestprodz.com\/product\/visseuse-perceuse-brushless-21v-70nm-honestplus\/#primaryimage","url":"https:\/\/honestprodz.com\/wp-content\/uploads\/2025\/09\/21VVVV.jpg","contentUrl":"https:\/\/honestprodz.com\/wp-content\/uploads\/2025\/09\/21VVVV.jpg","width":960,"height":1280},{"@type":"BreadcrumbList","@id":"https:\/\/honestprodz.com\/product\/visseuse-perceuse-brushless-21v-70nm-honestplus\/#breadcrumb","itemListElement":[{"@type":"ListItem","position":1,"name":"Accueil","item":"https:\/\/honestprodz.com\/"},{"@type":"ListItem","position":2,"name":"Produits","item":"https:\/\/honestprodz.com\/shop-2\/"},{"@type":"ListItem","position":3,"name":"Visseuse-perceuse Brushless 21V 70Nm HONESTPLUS"}]},{"@type":"WebSite","@id":"https:\/\/honestprodz.com\/#website","url":"https:\/\/honestprodz.com\/","name":"Honestpro Alg\u00e9rie","description":"","publisher":{"@id":"https:\/\/honestprodz.com\/#organization"},"potentialAction":[{"@type":"SearchAction","target":{"@type":"EntryPoint","urlTemplate":"https:\/\/honestprodz.com\/?s={search_term_string}"},"query-input":{"@type":"PropertyValueSpecification","valueRequired":true,"valueName":"search_term_string"}}],"inLanguage":"ar"},{"@type":"Organization","@id":"https:\/\/honestprodz.com\/#organization","name":"Honestpro Alg\u00e9rie","url":"https:\/\/honestprodz.com\/","logo":{"@type":"ImageObject","inLanguage":"ar","@id":"https:\/\/honestprodz.com\/#\/schema\/logo\/image\/","url":"https:\/\/honestprodz.com\/wp-content\/uploads\/2024\/01\/logo-1667211167-Copy.png","contentUrl":"https:\/\/honestprodz.com\/wp-content\/uploads\/2024\/01\/logo-1667211167-Copy.png","width":948,"height":219,"caption":"Honestpro Alg\u00e9rie"},"image":{"@id":"https:\/\/honestprodz.com\/#\/schema\/logo\/image\/"},"sameAs":["https:\/\/web.facebook.com\/HonestProAlgerie"]}]}},"jetpack_sharing_enabled":true,"_links":{"self":[{"href":"https:\/\/honestprodz.com\/ar\/wp-json\/wp\/v2\/product\/40901","targetHints":{"allow":["GET"]}}],"collection":[{"href":"https:\/\/honestprodz.com\/ar\/wp-json\/wp\/v2\/product"}],"about":[{"href":"https:\/\/honestprodz.com\/ar\/wp-json\/wp\/v2\/types\/product"}],"replies":[{"embeddable":true,"href":"https:\/\/honestprodz.com\/ar\/wp-json\/wp\/v2\/comments?post=40901"}],"version-history":[{"count":1,"href":"https:\/\/honestprodz.com\/ar\/wp-json\/wp\/v2\/product\/40901\/revisions"}],"predecessor-version":[{"id":40909,"href":"https:\/\/honestprodz.com\/ar\/wp-json\/wp\/v2\/product\/40901\/revisions\/40909"}],"wp:featuredmedia":[{"embeddable":true,"href":"https:\/\/honestprodz.com\/ar\/wp-json\/wp\/v2\/media\/40907"}],"wp:attachment":[{"href":"https:\/\/honestprodz.com\/ar\/wp-json\/wp\/v2\/media?parent=40901"}],"wp:term":[{"taxonomy":"brand","embeddable":true,"href":"https:\/\/honestprodz.com\/ar\/wp-json\/wp\/v2\/etheme_brands?post=40901"},{"taxonomy":"product_brand","embeddable":true,"href":"https:\/\/honestprodz.com\/ar\/wp-json\/wp\/v2\/product_brand?post=40901"},{"taxonomy":"product_cat","embeddable":true,"href":"https:\/\/honestprodz.com\/ar\/wp-json\/wp\/v2\/product_cat?post=40901"},{"taxonomy":"product_tag","embeddable":true,"href":"https:\/\/honestprodz.com\/ar\/wp-json\/wp\/v2\/product_tag?post=40901"}],"curies":[{"name":"wp","href":"https:\/\/api.w.org\/{rel}","templated":true}]}}