{"id":40734,"date":"2025-09-06T14:14:32","date_gmt":"2025-09-06T12:14:32","guid":{"rendered":"https:\/\/honestprodz.com\/?post_type=product&#038;p=40734"},"modified":"2025-12-18T11:32:54","modified_gmt":"2025-12-18T10:32:54","slug":"visseuse-21-v-60-nm-brushles","status":"publish","type":"product","link":"https:\/\/honestprodz.com\/ar\/product\/visseuse-21-v-60-nm-brushles\/","title":{"rendered":"VISSEUSE 21 V 60 NM BRUSHLES"},"content":{"rendered":"<p>VISSEUSE 21 V 60 NM BRUSHLES<\/p>\n<p data-start=\"254\" data-end=\"556\">La visseuse perceuse HONESTPRO YAE6120 est con\u00e7ue pour les travaux de vissage et de per\u00e7age dans le bois, le m\u00e9tal et le plastique. Son moteur Brushless BL4815 lui conf\u00e8re une efficacit\u00e9 \u00e9nerg\u00e9tique et une long\u00e9vit\u00e9 accrues, tout en offrant une puissance de couple de 60 Nm pour les travaux quotidiens.<\/p>\n<p data-start=\"558\" data-end=\"591\"><strong data-start=\"558\" data-end=\"591\">Caract\u00e9ristiques techniques :<\/strong><\/p>\n<ul data-start=\"593\" data-end=\"933\">\n<li data-start=\"593\" data-end=\"617\">\n<p data-start=\"595\" data-end=\"617\"><strong data-start=\"595\" data-end=\"605\">Marque<\/strong>\u00a0: HONESTPRO<\/p>\n<\/li>\n<li data-start=\"618\" data-end=\"640\">\n<p data-start=\"620\" data-end=\"640\"><strong data-start=\"620\" data-end=\"630\">Mod\u00e8le<\/strong>\u00a0: YAE6120<\/p>\n<\/li>\n<li data-start=\"641\" data-end=\"677\">\n<p data-start=\"643\" data-end=\"677\"><strong data-start=\"643\" data-end=\"658\">Type moteur<\/strong>\u00a0: Brushless BL4815<\/p>\n<\/li>\n<li data-start=\"678\" data-end=\"706\">\n<p data-start=\"680\" data-end=\"706\"><strong data-start=\"680\" data-end=\"700\">Tension batterie<\/strong>\u00a0: 21V<\/p>\n<\/li>\n<li data-start=\"707\" data-end=\"744\">\n<p data-start=\"709\" data-end=\"744\"><strong data-start=\"709\" data-end=\"730\">Capacit\u00e9 batterie<\/strong>\u00a0: 2.0 Ah (x2)<\/p>\n<\/li>\n<li data-start=\"745\" data-end=\"787\">\n<p data-start=\"747\" data-end=\"787\"><strong data-start=\"747\" data-end=\"765\">Vitesse \u00e0 vide<\/strong>\u00a0: 0-1450 \/ 0-1800 rpm<\/p>\n<\/li>\n<li data-start=\"788\" data-end=\"849\">\n<p data-start=\"790\" data-end=\"849\"><strong data-start=\"790\" data-end=\"825\">Cadence de frappe (impact rate)<\/strong>\u00a0: 0-21600 \/ 0-27000 bpm<\/p>\n<\/li>\n<li data-start=\"850\" data-end=\"883\">\n<p data-start=\"852\" data-end=\"883\"><strong data-start=\"852\" data-end=\"875\">Capacit\u00e9 de mandrin<\/strong>\u00a0: 13 mm<\/p>\n<\/li>\n<li data-start=\"884\" data-end=\"912\">\n<p data-start=\"886\" data-end=\"912\"><strong data-start=\"886\" data-end=\"904\">Couple maximal<\/strong>\u00a0: 60 Nm<\/p>\n<\/li>\n<li data-start=\"913\" data-end=\"933\">\n<p data-start=\"915\" data-end=\"933\"><strong data-start=\"915\" data-end=\"924\">Poids<\/strong>\u00a0: 1.8 kg<\/p>\n<\/li>\n<\/ul>","protected":false},"excerpt":{"rendered":"<p>VISSEUSE 21 V 60 NM BRUSHLES La visseuse perceuse HONESTPRO YAE6120 est con\u00e7ue pour les travaux de vissage et de per\u00e7age dans le bois, le&#8230;<\/p>","protected":false},"featured_media":40717,"comment_status":"open","ping_status":"closed","template":"","meta":{"om_disable_all_campaigns":false,"_monsterinsights_skip_tracking":false,"_monsterinsights_sitenote_active":false,"_monsterinsights_sitenote_note":"","_monsterinsights_sitenote_category":0},"etheme_brands":[{"term_id":2712,"name":"Honestpro","slug":"honestpro","term_group":0,"term_taxonomy_id":2712,"taxonomy":"brand","description":"","parent":0,"count":21,"filter":"raw"}],"product_brand":[],"product_cat":[2599,2584,2582,2642,2588,2583,2670,2633,2667,2700,2707,2698,2580],"product_tag":[],"class_list":{"0":"post-40734","1":"product","2":"type-product","3":"status-publish","4":"has-post-thumbnail","6":"brand-honestpro","7":"product_cat-batterie","8":"product_cat-cle-a-choc","9":"product_cat-electricien","10":"product_cat-equipements-btp","11":"product_cat-macon","12":"product_cat-menuisier","13":"product_cat-outille-electriques","14":"product_cat-outille-mecaniques","15":"product_cat-platrier","16":"product_cat-rape-placo","17":"product_cat-sac-a-outils","18":"product_cat-tournevis","19":"product_cat-visseuse","21":"first","22":"instock","23":"sale","24":"shipping-taxable","25":"purchasable","26":"product-type-simple"},"yoast_head":"<!-- This site is optimized with the Yoast SEO Premium plugin v22.2 (Yoast SEO v25.3.1) - https:\/\/yoast.com\/wordpress\/plugins\/seo\/ -->\n<title>VISSEUSE 21 V 60 NM BRUSHLES - Honestpro<\/title>\n<meta name=\"robots\" content=\"index, follow, max-snippet:-1, max-image-preview:large, max-video-preview:-1\" \/>\n<link rel=\"canonical\" href=\"https:\/\/honestprodz.com\/ar\/product\/visseuse-21-v-60-nm-brushles\/\" \/>\n<meta property=\"og:locale\" content=\"ar_AR\" \/>\n<meta property=\"og:type\" content=\"article\" \/>\n<meta property=\"og:title\" content=\"VISSEUSE 21 V 60 NM BRUSHLES\" \/>\n<meta property=\"og:description\" content=\"VISSEUSE 21 V 60 NM BRUSHLES La visseuse perceuse HONESTPRO YAE6120 est con\u00e7ue pour les travaux de vissage et de per\u00e7age dans le bois, le...\" \/>\n<meta property=\"og:url\" content=\"https:\/\/honestprodz.com\/ar\/product\/visseuse-21-v-60-nm-brushles\/\" \/>\n<meta property=\"og:site_name\" content=\"Honestpro\" \/>\n<meta property=\"article:publisher\" content=\"https:\/\/web.facebook.com\/HonestProAlgerie\" \/>\n<meta property=\"article:modified_time\" content=\"2025-12-18T10:32:54+00:00\" \/>\n<meta property=\"og:image\" content=\"https:\/\/honestprodz.com\/wp-content\/uploads\/2025\/09\/PRINCIPALE-GAMA-OUTILLAGE-26.jpg\" \/>\n\t<meta property=\"og:image:width\" content=\"1024\" \/>\n\t<meta property=\"og:image:height\" content=\"1024\" \/>\n\t<meta property=\"og:image:type\" content=\"image\/jpeg\" \/>\n<meta name=\"twitter:card\" content=\"summary_large_image\" \/>\n<meta name=\"twitter:label1\" content=\"\u0648\u0642\u062a \u0627\u0644\u0642\u0631\u0627\u0621\u0629 \u0627\u0644\u0645\u064f\u0642\u062f\u0651\u0631\" \/>\n\t<meta name=\"twitter:data1\" content=\"\u062f\u0642\u064a\u0642\u0629 \u0648\u0627\u062d\u062f\u0629\" \/>\n<script type=\"application\/ld+json\" class=\"yoast-schema-graph\">{\"@context\":\"https:\/\/schema.org\",\"@graph\":[{\"@type\":\"WebPage\",\"@id\":\"https:\/\/honestprodz.com\/product\/visseuse-21-v-60-nm-brushles\/\",\"url\":\"https:\/\/honestprodz.com\/product\/visseuse-21-v-60-nm-brushles\/\",\"name\":\"VISSEUSE 21 V 60 NM BRUSHLES - Honestpro\",\"isPartOf\":{\"@id\":\"https:\/\/honestprodz.com\/#website\"},\"primaryImageOfPage\":{\"@id\":\"https:\/\/honestprodz.com\/product\/visseuse-21-v-60-nm-brushles\/#primaryimage\"},\"image\":{\"@id\":\"https:\/\/honestprodz.com\/product\/visseuse-21-v-60-nm-brushles\/#primaryimage\"},\"thumbnailUrl\":\"https:\/\/honestprodz.com\/wp-content\/uploads\/2025\/09\/PRINCIPALE-GAMA-OUTILLAGE-26.jpg\",\"datePublished\":\"2025-09-06T12:14:32+00:00\",\"dateModified\":\"2025-12-18T10:32:54+00:00\",\"breadcrumb\":{\"@id\":\"https:\/\/honestprodz.com\/product\/visseuse-21-v-60-nm-brushles\/#breadcrumb\"},\"inLanguage\":\"ar\",\"potentialAction\":[{\"@type\":\"ReadAction\",\"target\":[\"https:\/\/honestprodz.com\/product\/visseuse-21-v-60-nm-brushles\/\"]}]},{\"@type\":\"ImageObject\",\"inLanguage\":\"ar\",\"@id\":\"https:\/\/honestprodz.com\/product\/visseuse-21-v-60-nm-brushles\/#primaryimage\",\"url\":\"https:\/\/honestprodz.com\/wp-content\/uploads\/2025\/09\/PRINCIPALE-GAMA-OUTILLAGE-26.jpg\",\"contentUrl\":\"https:\/\/honestprodz.com\/wp-content\/uploads\/2025\/09\/PRINCIPALE-GAMA-OUTILLAGE-26.jpg\",\"width\":1024,\"height\":1024,\"caption\":\"VISSEUSE 21 V BRUSHLESS 60 NM\"},{\"@type\":\"BreadcrumbList\",\"@id\":\"https:\/\/honestprodz.com\/product\/visseuse-21-v-60-nm-brushles\/#breadcrumb\",\"itemListElement\":[{\"@type\":\"ListItem\",\"position\":1,\"name\":\"Accueil\",\"item\":\"https:\/\/honestprodz.com\/\"},{\"@type\":\"ListItem\",\"position\":2,\"name\":\"Produits\",\"item\":\"https:\/\/honestprodz.com\/shop-2\/\"},{\"@type\":\"ListItem\",\"position\":3,\"name\":\"VISSEUSE 21 V 60 NM BRUSHLES\"}]},{\"@type\":\"WebSite\",\"@id\":\"https:\/\/honestprodz.com\/#website\",\"url\":\"https:\/\/honestprodz.com\/\",\"name\":\"Honestpro Alg\u00e9rie\",\"description\":\"\",\"publisher\":{\"@id\":\"https:\/\/honestprodz.com\/#organization\"},\"potentialAction\":[{\"@type\":\"SearchAction\",\"target\":{\"@type\":\"EntryPoint\",\"urlTemplate\":\"https:\/\/honestprodz.com\/?s={search_term_string}\"},\"query-input\":{\"@type\":\"PropertyValueSpecification\",\"valueRequired\":true,\"valueName\":\"search_term_string\"}}],\"inLanguage\":\"ar\"},{\"@type\":\"Organization\",\"@id\":\"https:\/\/honestprodz.com\/#organization\",\"name\":\"Honestpro Alg\u00e9rie\",\"url\":\"https:\/\/honestprodz.com\/\",\"logo\":{\"@type\":\"ImageObject\",\"inLanguage\":\"ar\",\"@id\":\"https:\/\/honestprodz.com\/#\/schema\/logo\/image\/\",\"url\":\"https:\/\/honestprodz.com\/wp-content\/uploads\/2024\/01\/logo-1667211167-Copy.png\",\"contentUrl\":\"https:\/\/honestprodz.com\/wp-content\/uploads\/2024\/01\/logo-1667211167-Copy.png\",\"width\":948,\"height\":219,\"caption\":\"Honestpro Alg\u00e9rie\"},\"image\":{\"@id\":\"https:\/\/honestprodz.com\/#\/schema\/logo\/image\/\"},\"sameAs\":[\"https:\/\/web.facebook.com\/HonestProAlgerie\"]}]}<\/script>\n<!-- \/ Yoast SEO Premium plugin. -->","yoast_head_json":{"title":"VISSEUSE 21 V 60 NM BRUSHLES - Honestpro","robots":{"index":"index","follow":"follow","max-snippet":"max-snippet:-1","max-image-preview":"max-image-preview:large","max-video-preview":"max-video-preview:-1"},"canonical":"https:\/\/honestprodz.com\/ar\/product\/visseuse-21-v-60-nm-brushles\/","og_locale":"ar_AR","og_type":"article","og_title":"VISSEUSE 21 V 60 NM BRUSHLES","og_description":"VISSEUSE 21 V 60 NM BRUSHLES La visseuse perceuse HONESTPRO YAE6120 est con\u00e7ue pour les travaux de vissage et de per\u00e7age dans le bois, le...","og_url":"https:\/\/honestprodz.com\/ar\/product\/visseuse-21-v-60-nm-brushles\/","og_site_name":"Honestpro","article_publisher":"https:\/\/web.facebook.com\/HonestProAlgerie","article_modified_time":"2025-12-18T10:32:54+00:00","og_image":[{"width":1024,"height":1024,"url":"https:\/\/honestprodz.com\/wp-content\/uploads\/2025\/09\/PRINCIPALE-GAMA-OUTILLAGE-26.jpg","type":"image\/jpeg"}],"twitter_card":"summary_large_image","twitter_misc":{"\u0648\u0642\u062a \u0627\u0644\u0642\u0631\u0627\u0621\u0629 \u0627\u0644\u0645\u064f\u0642\u062f\u0651\u0631":"\u062f\u0642\u064a\u0642\u0629 \u0648\u0627\u062d\u062f\u0629"},"schema":{"@context":"https:\/\/schema.org","@graph":[{"@type":"WebPage","@id":"https:\/\/honestprodz.com\/product\/visseuse-21-v-60-nm-brushles\/","url":"https:\/\/honestprodz.com\/product\/visseuse-21-v-60-nm-brushles\/","name":"VISSEUSE 21 V 60 NM BRUSHLES - Honestpro","isPartOf":{"@id":"https:\/\/honestprodz.com\/#website"},"primaryImageOfPage":{"@id":"https:\/\/honestprodz.com\/product\/visseuse-21-v-60-nm-brushles\/#primaryimage"},"image":{"@id":"https:\/\/honestprodz.com\/product\/visseuse-21-v-60-nm-brushles\/#primaryimage"},"thumbnailUrl":"https:\/\/honestprodz.com\/wp-content\/uploads\/2025\/09\/PRINCIPALE-GAMA-OUTILLAGE-26.jpg","datePublished":"2025-09-06T12:14:32+00:00","dateModified":"2025-12-18T10:32:54+00:00","breadcrumb":{"@id":"https:\/\/honestprodz.com\/product\/visseuse-21-v-60-nm-brushles\/#breadcrumb"},"inLanguage":"ar","potentialAction":[{"@type":"ReadAction","target":["https:\/\/honestprodz.com\/product\/visseuse-21-v-60-nm-brushles\/"]}]},{"@type":"ImageObject","inLanguage":"ar","@id":"https:\/\/honestprodz.com\/product\/visseuse-21-v-60-nm-brushles\/#primaryimage","url":"https:\/\/honestprodz.com\/wp-content\/uploads\/2025\/09\/PRINCIPALE-GAMA-OUTILLAGE-26.jpg","contentUrl":"https:\/\/honestprodz.com\/wp-content\/uploads\/2025\/09\/PRINCIPALE-GAMA-OUTILLAGE-26.jpg","width":1024,"height":1024,"caption":"VISSEUSE 21 V BRUSHLESS 60 NM"},{"@type":"BreadcrumbList","@id":"https:\/\/honestprodz.com\/product\/visseuse-21-v-60-nm-brushles\/#breadcrumb","itemListElement":[{"@type":"ListItem","position":1,"name":"Accueil","item":"https:\/\/honestprodz.com\/"},{"@type":"ListItem","position":2,"name":"Produits","item":"https:\/\/honestprodz.com\/shop-2\/"},{"@type":"ListItem","position":3,"name":"VISSEUSE 21 V 60 NM BRUSHLES"}]},{"@type":"WebSite","@id":"https:\/\/honestprodz.com\/#website","url":"https:\/\/honestprodz.com\/","name":"Honestpro Alg\u00e9rie","description":"","publisher":{"@id":"https:\/\/honestprodz.com\/#organization"},"potentialAction":[{"@type":"SearchAction","target":{"@type":"EntryPoint","urlTemplate":"https:\/\/honestprodz.com\/?s={search_term_string}"},"query-input":{"@type":"PropertyValueSpecification","valueRequired":true,"valueName":"search_term_string"}}],"inLanguage":"ar"},{"@type":"Organization","@id":"https:\/\/honestprodz.com\/#organization","name":"Honestpro Alg\u00e9rie","url":"https:\/\/honestprodz.com\/","logo":{"@type":"ImageObject","inLanguage":"ar","@id":"https:\/\/honestprodz.com\/#\/schema\/logo\/image\/","url":"https:\/\/honestprodz.com\/wp-content\/uploads\/2024\/01\/logo-1667211167-Copy.png","contentUrl":"https:\/\/honestprodz.com\/wp-content\/uploads\/2024\/01\/logo-1667211167-Copy.png","width":948,"height":219,"caption":"Honestpro Alg\u00e9rie"},"image":{"@id":"https:\/\/honestprodz.com\/#\/schema\/logo\/image\/"},"sameAs":["https:\/\/web.facebook.com\/HonestProAlgerie"]}]}},"jetpack_sharing_enabled":true,"_links":{"self":[{"href":"https:\/\/honestprodz.com\/ar\/wp-json\/wp\/v2\/product\/40734","targetHints":{"allow":["GET"]}}],"collection":[{"href":"https:\/\/honestprodz.com\/ar\/wp-json\/wp\/v2\/product"}],"about":[{"href":"https:\/\/honestprodz.com\/ar\/wp-json\/wp\/v2\/types\/product"}],"replies":[{"embeddable":true,"href":"https:\/\/honestprodz.com\/ar\/wp-json\/wp\/v2\/comments?post=40734"}],"version-history":[{"count":1,"href":"https:\/\/honestprodz.com\/ar\/wp-json\/wp\/v2\/product\/40734\/revisions"}],"predecessor-version":[{"id":40736,"href":"https:\/\/honestprodz.com\/ar\/wp-json\/wp\/v2\/product\/40734\/revisions\/40736"}],"wp:featuredmedia":[{"embeddable":true,"href":"https:\/\/honestprodz.com\/ar\/wp-json\/wp\/v2\/media\/40717"}],"wp:attachment":[{"href":"https:\/\/honestprodz.com\/ar\/wp-json\/wp\/v2\/media?parent=40734"}],"wp:term":[{"taxonomy":"brand","embeddable":true,"href":"https:\/\/honestprodz.com\/ar\/wp-json\/wp\/v2\/etheme_brands?post=40734"},{"taxonomy":"product_brand","embeddable":true,"href":"https:\/\/honestprodz.com\/ar\/wp-json\/wp\/v2\/product_brand?post=40734"},{"taxonomy":"product_cat","embeddable":true,"href":"https:\/\/honestprodz.com\/ar\/wp-json\/wp\/v2\/product_cat?post=40734"},{"taxonomy":"product_tag","embeddable":true,"href":"https:\/\/honestprodz.com\/ar\/wp-json\/wp\/v2\/product_tag?post=40734"}],"curies":[{"name":"wp","href":"https:\/\/api.w.org\/{rel}","templated":true}]}}